{"id":1456,"date":"2017-09-20T17:14:51","date_gmt":"2017-09-20T17:14:51","guid":{"rendered":"https:\/\/hannaik.com\/termos-e-condicoes\/"},"modified":"2017-12-29T11:43:43","modified_gmt":"2017-12-29T11:43:43","slug":"terms-and-conditions","status":"publish","type":"page","link":"https:\/\/hannaik.com\/en\/terms-and-conditions\/","title":{"rendered":"Terms and Conditions"},"content":{"rendered":"<p>O utilizador do Site da <b>HANNAIK &#8211; Energy &amp; Water Solutions<\/b> obriga-se a agir de boa-f\u00e9 e aceita implicitamente os seguintes Termos e Condi\u00e7\u00f5es:<\/p>\n<p>&nbsp;<\/p>\n<p><b>Declara\u00e7\u00e3o sobre Protec\u00e7\u00e3o de Direitos de Autor<\/b><\/p>\n<p>O conte\u00fado do Site da HANNAIK &#8211; Energy &amp; Water Solutions, incluindo textos, imagens ou qualquer outra informa\u00e7\u00e3o, \u00e9 propriedade da <b>HANNAIK &#8211; Energy &amp; Water Solutions<\/b>, a qual det\u00e9m os respectivos direitos de autor.<\/p>\n<p>Ao utilizar o Site da HANNAIK &#8211; Energy &amp; Water Solutions, o utilizador obriga-se a respeitar a legisla\u00e7\u00e3o em vigor, nomeadamente, o C\u00f3digo do Direito de Autor e dos Direitos Conexos, o C\u00f3digo da Propriedade Industrial e a Lei da Criminalidade Inform\u00e1tica.<\/p>\n<p>O utilizador n\u00e3o pode copiar, importar ou utilizar conte\u00fado constante do Site da HANNAIK &#8211; Energy &amp; Water Solutions sem obter pr\u00e9via autoriza\u00e7\u00e3o da HANNAIK &#8211; Energy &amp; Water Solutions e sem referir o Site da HANNAIK &#8211; Energy &amp; Water Solutions como fonte de informa\u00e7\u00e3o; no que respeita a conte\u00fado proveniente de s\u00edtios ligados a este Site, o utilizador dever\u00e1 obter a autoriza\u00e7\u00e3o dos respectivos autores, respeitando as respectivas declara\u00e7\u00f5es de direitos de autor.<\/p>\n<p>A utiliza\u00e7\u00e3o ou distribui\u00e7\u00e3o n\u00e3o autorizada de qualquer material deste site pode ser objecto de san\u00e7\u00f5es civis ou criminais de acordo com as leis aplic\u00e1veis.<\/p>\n<p>&nbsp;<\/p>\n<p><b>Declara\u00e7\u00e3o de Exonera\u00e7\u00e3o de Responsabilidade<\/b><\/p>\n<p>O material contido neste Site \u00e9 constitu\u00eddo por informa\u00e7\u00f5es de car\u00e1cter geral que n\u00e3o s\u00e3o necessariamente exaustivas, rigorosas ou atualizadas.<\/p>\n<p>A HANNAIK &#8211; Energy &amp; Water Solutions n\u00e3o garante que os servi\u00e7os disponibilizados pelo Site da HANNAIK &#8211; Energy &amp; Water Solutions funcionem ininterruptamente.<\/p>\n<p>A HANNAIK &#8211; Energy &amp; Water Solutions n\u00e3o est\u00e1 obrigada a guardar o conte\u00fado do Site da HANNAIK &#8211; Energy &amp; Water Solutions, incluindo textos, imagens ou qualquer outra informa\u00e7\u00e3o, podendo o mesmo ser destru\u00eddo a qualquer momento, sem que por tal facto advenha qualquer direito de indemniza\u00e7\u00e3o para os utilizadores ou quaisquer terceiros.<\/p>\n<p>Podem existir liga\u00e7\u00f5es a s\u00edtios externos ao Site da HANNAIK &#8211; Energy &amp; Water Solutions sobre os quais a HANNAIK &#8211; Energy &amp; Water Solutions, n\u00e3o tem qualquer controlo e pelos quais n\u00e3o assume qualquer responsabilidade.<\/p>\n<p>A HANNAIK &#8211; Energy &amp; Water Solutions n\u00e3o assume responsabilidade por eventuais problemas que surjam na sequ\u00eancia da utiliza\u00e7\u00e3o do Site da HANNAIK &#8211; Energy &amp; Water Solutions ou de quaisquer s\u00edtios externos a ele ligados.<\/p>\n<p>&nbsp;<\/p>\n<p><b>Declara\u00e7\u00e3o de Confidencialidade<\/b><\/p>\n<p>Nos termos do Art.\u00ba 35\u00ba da Constitui\u00e7\u00e3o da Rep\u00fablica Portuguesa e da Lei n.\u00ba 67\/98, de 26 de Outubro, a informa\u00e7\u00e3o recolhida sobre os utilizadores do Site da HANNAIK &#8211; Energy &amp; Water Solutions n\u00e3o \u00e9 de car\u00e1cter pessoal, pelo que se assegura a confidencialidade da sua identidade.<\/p>\n<p>Haver\u00e1 todavia lugar \u00e0 identifica\u00e7\u00e3o dos utilizadores sempre que estes cometam ilegalidades, violem os presentes Termos e Condi\u00e7\u00f5es, ou quando tal for solicitado por decis\u00e3o judicial.<\/p>\n","protected":false},"excerpt":{"rendered":"<p>O utilizador do Site da HANNAIK &#8211; Energy &amp; Water Solutions obriga-se a agir de boa-f\u00e9 e aceita implicitamente os seguintes Termos e Condi\u00e7\u00f5es: &nbsp; Declara\u00e7\u00e3o sobre Protec\u00e7\u00e3o de Direitos de Autor O conte\u00fado do Site da HANNAIK &#8211; Energy &amp; Water Solutions, incluindo textos, imagens ou qualquer outra informa\u00e7\u00e3o, \u00e9 propriedade da HANNAIK &#8211; [&hellip;]<\/p>\n","protected":false},"author":2,"featured_media":0,"parent":0,"menu_order":0,"comment_status":"closed","ping_status":"closed","template":"terms-conditions.php","meta":{"footnotes":""},"class_list":["post-1456","page","type-page","status-publish","hentry"],"acf":[],"yoast_head":"<!-- This site is optimized with the Yoast SEO plugin v27.1.1 - https:\/\/yoast.com\/product\/yoast-seo-wordpress\/ -->\n<title>Terms and Conditions &#8226; Hannaik Gensets<\/title>\n<meta name=\"robots\" content=\"index, follow, max-snippet:-1, max-image-preview:large, max-video-preview:-1\" \/>\n<link rel=\"canonical\" href=\"https:\/\/hannaik.com\/en\/terms-and-conditions\/\" \/>\n<meta property=\"og:locale\" content=\"en_US\" \/>\n<meta property=\"og:type\" content=\"article\" \/>\n<meta property=\"og:title\" content=\"Terms and Conditions &#8226; Hannaik Gensets\" \/>\n<meta property=\"og:description\" content=\"O utilizador do Site da HANNAIK &#8211; Energy &amp; Water Solutions obriga-se a agir de boa-f\u00e9 e aceita implicitamente os seguintes Termos e Condi\u00e7\u00f5es: &nbsp; Declara\u00e7\u00e3o sobre Protec\u00e7\u00e3o de Direitos de Autor O conte\u00fado do Site da HANNAIK &#8211; Energy &amp; Water Solutions, incluindo textos, imagens ou qualquer outra informa\u00e7\u00e3o, \u00e9 propriedade da HANNAIK &#8211; [&hellip;]\" \/>\n<meta property=\"og:url\" content=\"https:\/\/hannaik.com\/en\/terms-and-conditions\/\" \/>\n<meta property=\"og:site_name\" content=\"Hannaik Gensets\" \/>\n<meta property=\"article:publisher\" content=\"https:\/\/www.facebook.com\/hannaikenergy\/\" \/>\n<meta property=\"article:modified_time\" content=\"2017-12-29T11:43:43+00:00\" \/>\n<meta property=\"og:image\" content=\"https:\/\/hannaik.com\/wp-content\/uploads\/2017\/12\/HANNAIK.png\" \/>\n\t<meta property=\"og:image:width\" content=\"1200\" \/>\n\t<meta property=\"og:image:height\" content=\"600\" \/>\n\t<meta property=\"og:image:type\" content=\"image\/png\" \/>\n<meta name=\"twitter:card\" content=\"summary_large_image\" \/>\n<meta name=\"twitter:label1\" content=\"Est. reading time\" \/>\n\t<meta name=\"twitter:data1\" content=\"3 minutes\" \/>\n<script type=\"application\/ld+json\" class=\"yoast-schema-graph\">{\"@context\":\"https:\/\/schema.org\",\"@graph\":[{\"@type\":\"WebPage\",\"@id\":\"https:\/\/hannaik.com\/en\/terms-and-conditions\/\",\"url\":\"https:\/\/hannaik.com\/en\/terms-and-conditions\/\",\"name\":\"Terms and Conditions &#8226; Hannaik Gensets\",\"isPartOf\":{\"@id\":\"https:\/\/hannaik.com\/#website\"},\"datePublished\":\"2017-09-20T17:14:51+00:00\",\"dateModified\":\"2017-12-29T11:43:43+00:00\",\"breadcrumb\":{\"@id\":\"https:\/\/hannaik.com\/en\/terms-and-conditions\/#breadcrumb\"},\"inLanguage\":\"en-US\",\"potentialAction\":[{\"@type\":\"ReadAction\",\"target\":[\"https:\/\/hannaik.com\/en\/terms-and-conditions\/\"]}]},{\"@type\":\"BreadcrumbList\",\"@id\":\"https:\/\/hannaik.com\/en\/terms-and-conditions\/#breadcrumb\",\"itemListElement\":[{\"@type\":\"ListItem\",\"position\":1,\"name\":\"Home\",\"item\":\"https:\/\/hannaik.com\/en\/\"},{\"@type\":\"ListItem\",\"position\":2,\"name\":\"Terms and Conditions\"}]},{\"@type\":\"WebSite\",\"@id\":\"https:\/\/hannaik.com\/#website\",\"url\":\"https:\/\/hannaik.com\/\",\"name\":\"Hannaik Gensets\",\"description\":\"Projeto, fabrico, instala\u00e7\u00e3o de geradores de energia e GPUs\",\"publisher\":{\"@id\":\"https:\/\/hannaik.com\/#organization\"},\"potentialAction\":[{\"@type\":\"SearchAction\",\"target\":{\"@type\":\"EntryPoint\",\"urlTemplate\":\"https:\/\/hannaik.com\/?s={search_term_string}\"},\"query-input\":{\"@type\":\"PropertyValueSpecification\",\"valueRequired\":true,\"valueName\":\"search_term_string\"}}],\"inLanguage\":\"en-US\"},{\"@type\":\"Organization\",\"@id\":\"https:\/\/hannaik.com\/#organization\",\"name\":\"HANNAIK\",\"url\":\"https:\/\/hannaik.com\/\",\"logo\":{\"@type\":\"ImageObject\",\"inLanguage\":\"en-US\",\"@id\":\"https:\/\/hannaik.com\/#\/schema\/logo\/image\/\",\"url\":\"https:\/\/hannaik.com\/wp-content\/uploads\/2018\/03\/Hannaik3.png\",\"contentUrl\":\"https:\/\/hannaik.com\/wp-content\/uploads\/2018\/03\/Hannaik3.png\",\"width\":\"278\",\"height\":\"223\",\"caption\":\"HANNAIK\"},\"image\":{\"@id\":\"https:\/\/hannaik.com\/#\/schema\/logo\/image\/\"},\"sameAs\":[\"https:\/\/www.facebook.com\/hannaikenergy\/\",\"https:\/\/www.instagram.com\/hannaik_solutions\/\",\"https:\/\/www.linkedin.com\/company-beta\/15194419\",\"https:\/\/www.youtube.com\/channel\/UCQt234x994onwwmTd-K6U-A\"]}]}<\/script>\n<!-- \/ Yoast SEO plugin. -->","yoast_head_json":{"title":"Terms and Conditions &#8226; Hannaik Gensets","robots":{"index":"index","follow":"follow","max-snippet":"max-snippet:-1","max-image-preview":"max-image-preview:large","max-video-preview":"max-video-preview:-1"},"canonical":"https:\/\/hannaik.com\/en\/terms-and-conditions\/","og_locale":"en_US","og_type":"article","og_title":"Terms and Conditions &#8226; Hannaik Gensets","og_description":"O utilizador do Site da HANNAIK &#8211; Energy &amp; Water Solutions obriga-se a agir de boa-f\u00e9 e aceita implicitamente os seguintes Termos e Condi\u00e7\u00f5es: &nbsp; Declara\u00e7\u00e3o sobre Protec\u00e7\u00e3o de Direitos de Autor O conte\u00fado do Site da HANNAIK &#8211; Energy &amp; Water Solutions, incluindo textos, imagens ou qualquer outra informa\u00e7\u00e3o, \u00e9 propriedade da HANNAIK &#8211; [&hellip;]","og_url":"https:\/\/hannaik.com\/en\/terms-and-conditions\/","og_site_name":"Hannaik Gensets","article_publisher":"https:\/\/www.facebook.com\/hannaikenergy\/","article_modified_time":"2017-12-29T11:43:43+00:00","og_image":[{"width":1200,"height":600,"url":"https:\/\/hannaik.com\/wp-content\/uploads\/2017\/12\/HANNAIK.png","type":"image\/png"}],"twitter_card":"summary_large_image","twitter_misc":{"Est. reading time":"3 minutes"},"schema":{"@context":"https:\/\/schema.org","@graph":[{"@type":"WebPage","@id":"https:\/\/hannaik.com\/en\/terms-and-conditions\/","url":"https:\/\/hannaik.com\/en\/terms-and-conditions\/","name":"Terms and Conditions &#8226; Hannaik Gensets","isPartOf":{"@id":"https:\/\/hannaik.com\/#website"},"datePublished":"2017-09-20T17:14:51+00:00","dateModified":"2017-12-29T11:43:43+00:00","breadcrumb":{"@id":"https:\/\/hannaik.com\/en\/terms-and-conditions\/#breadcrumb"},"inLanguage":"en-US","potentialAction":[{"@type":"ReadAction","target":["https:\/\/hannaik.com\/en\/terms-and-conditions\/"]}]},{"@type":"BreadcrumbList","@id":"https:\/\/hannaik.com\/en\/terms-and-conditions\/#breadcrumb","itemListElement":[{"@type":"ListItem","position":1,"name":"Home","item":"https:\/\/hannaik.com\/en\/"},{"@type":"ListItem","position":2,"name":"Terms and Conditions"}]},{"@type":"WebSite","@id":"https:\/\/hannaik.com\/#website","url":"https:\/\/hannaik.com\/","name":"Hannaik Gensets","description":"Projeto, fabrico, instala\u00e7\u00e3o de geradores de energia e GPUs","publisher":{"@id":"https:\/\/hannaik.com\/#organization"},"potentialAction":[{"@type":"SearchAction","target":{"@type":"EntryPoint","urlTemplate":"https:\/\/hannaik.com\/?s={search_term_string}"},"query-input":{"@type":"PropertyValueSpecification","valueRequired":true,"valueName":"search_term_string"}}],"inLanguage":"en-US"},{"@type":"Organization","@id":"https:\/\/hannaik.com\/#organization","name":"HANNAIK","url":"https:\/\/hannaik.com\/","logo":{"@type":"ImageObject","inLanguage":"en-US","@id":"https:\/\/hannaik.com\/#\/schema\/logo\/image\/","url":"https:\/\/hannaik.com\/wp-content\/uploads\/2018\/03\/Hannaik3.png","contentUrl":"https:\/\/hannaik.com\/wp-content\/uploads\/2018\/03\/Hannaik3.png","width":"278","height":"223","caption":"HANNAIK"},"image":{"@id":"https:\/\/hannaik.com\/#\/schema\/logo\/image\/"},"sameAs":["https:\/\/www.facebook.com\/hannaikenergy\/","https:\/\/www.instagram.com\/hannaik_solutions\/","https:\/\/www.linkedin.com\/company-beta\/15194419","https:\/\/www.youtube.com\/channel\/UCQt234x994onwwmTd-K6U-A"]}]}},"_links":{"self":[{"href":"https:\/\/hannaik.com\/en\/wp-json\/wp\/v2\/pages\/1456","targetHints":{"allow":["GET"]}}],"collection":[{"href":"https:\/\/hannaik.com\/en\/wp-json\/wp\/v2\/pages"}],"about":[{"href":"https:\/\/hannaik.com\/en\/wp-json\/wp\/v2\/types\/page"}],"author":[{"embeddable":true,"href":"https:\/\/hannaik.com\/en\/wp-json\/wp\/v2\/users\/2"}],"replies":[{"embeddable":true,"href":"https:\/\/hannaik.com\/en\/wp-json\/wp\/v2\/comments?post=1456"}],"version-history":[{"count":3,"href":"https:\/\/hannaik.com\/en\/wp-json\/wp\/v2\/pages\/1456\/revisions"}],"predecessor-version":[{"id":6411,"href":"https:\/\/hannaik.com\/en\/wp-json\/wp\/v2\/pages\/1456\/revisions\/6411"}],"wp:attachment":[{"href":"https:\/\/hannaik.com\/en\/wp-json\/wp\/v2\/media?parent=1456"}],"curies":[{"name":"wp","href":"https:\/\/api.w.org\/{rel}","templated":true}]}}