{"id":1380,"date":"2017-09-19T13:50:39","date_gmt":"2017-09-19T13:50:39","guid":{"rendered":"https:\/\/hannaik.com\/politica-de-qualidade\/"},"modified":"2021-07-16T15:18:28","modified_gmt":"2021-07-16T14:18:28","slug":"politica-de-calidad","status":"publish","type":"page","link":"https:\/\/hannaik.com\/es\/politica-de-calidad\/","title":{"rendered":"Pol\u00edtica de Calidad"},"content":{"rendered":"<p>Nuestra Pol\u00edtica de Calidad se basa en el crecimiento sostenido, en productos innovadores y de alta calidad, en proveedores debidamente y cuidadosamente seleccionados, en un equipo joven y motivado y, en rigurosos principios de gesti\u00f3n.<br \/>\nNuestros objetivos son ambiciosos y nuestra Estrategia y, Pol\u00edtica de Calidad se basan en las siguientes \u00e1reas de actividad:<\/p>\n<ul>\n<li>Satisfacer plenamente las necesidades y expectativas de los clientes, dise\u00f1ando la marca Hannaik como marca de garant\u00eda de calidad y referencia en el sector;<\/li>\n<li>Cumplir con los requisitos legales aplicables a la actividad de la Empresa y a los productos que comercializa.<\/li>\n<li>Responder plenamente a las necesidades y expectativas de los clientes y responder a las exigencias del mercado;<\/li>\n<li>Asegurar los m\u00e1s altos est\u00e1ndares de calidad de sus productos, as\u00ed como, altos est\u00e1ndares de servicio;<\/li>\n<li>Adoptar pr\u00e1cticas de producci\u00f3n que aseguren altos est\u00e1ndares de calidad y que aseguren la fabricaci\u00f3n de productos en conformidad con los requisitos de calidad de los productos;<\/li>\n<li>Adoptar altos est\u00e1ndares de calidad de servicio, que se traduzcan en un servicio de asistencia al cliente a nivel de la excelencia para satisfacer permanentemente a nuestros clientes;<\/li>\n<li>Anticipar las tendencias del mercado a trav\u00e9s del desarrollo de nuevos productos que superen las expectativas de los clientes y que favorezcan el desarrollo de productos m\u00e1s sostenibles a nivel ambiental;<\/li>\n<li>Mantener y gestionar con eficacia el sistema integrado de la calidad y ambiente, respetando los requisitos de la norma ISO 9001;<\/li>\n<li>Crear relaciones de confianza con proveedores y socios comerciales para asegurar altos niveles de confiabilidad y altos est\u00e1ndares de calidad de los productos y servicios que suministramos.<\/li>\n<li>Involucrar a las partes interesadas en el proceso de aculturaci\u00f3n natural para que puedan contribuir para mejorar el rendimiento econ\u00f3mico y contribuir para el alcance de objetivos compartidos.<\/li>\n<li>Adoptar est\u00e1ndares de conducta y responsabilidad social en el entorno que operamos.<\/li>\n<li>Inducir la adopci\u00f3n de buenas pr\u00e1cticas al nivel de la calidad junto de clientes, proveedores y otras partes interesadas.<\/li>\n<li>Promover una cultura de gesti\u00f3n basada en la motivaci\u00f3n y desarrollo del capital humano, buscando formar un equipo involucrado y comprometido con los objetivos definidos, asegurando la seguridad y la integridad f\u00edsica y moral de los colaboradores y, proporcion\u00e1ndoles los recursos y herramientas necesarios para ello.<\/li>\n<\/ul>\n","protected":false},"excerpt":{"rendered":"<p>Nuestra Pol\u00edtica de Calidad se basa en el crecimiento sostenido, en productos innovadores y de alta calidad, en proveedores debidamente y cuidadosamente seleccionados, en un equipo joven y motivado y, en rigurosos principios de gesti\u00f3n. Nuestros objetivos son ambiciosos y nuestra Estrategia y, Pol\u00edtica de Calidad se basan en las siguientes \u00e1reas de actividad: Satisfacer [&hellip;]<\/p>\n","protected":false},"author":2,"featured_media":0,"parent":0,"menu_order":0,"comment_status":"closed","ping_status":"closed","template":"privacy-policy.php","meta":{"footnotes":""},"class_list":["post-1380","page","type-page","status-publish","hentry"],"acf":[],"yoast_head":"<!-- This site is optimized with the Yoast SEO plugin v27.1.1 - https:\/\/yoast.com\/product\/yoast-seo-wordpress\/ -->\n<title>Pol\u00edtica de Calidad &#8226; HANNAIK | Energy and Water Solutions<\/title>\n<meta name=\"robots\" content=\"index, follow, max-snippet:-1, max-image-preview:large, max-video-preview:-1\" \/>\n<link rel=\"canonical\" href=\"https:\/\/hannaik.com\/es\/politica-de-calidad\/\" \/>\n<meta property=\"og:locale\" content=\"es_ES\" \/>\n<meta property=\"og:type\" content=\"article\" \/>\n<meta property=\"og:title\" content=\"Pol\u00edtica de Calidad &#8226; HANNAIK | Energy and Water Solutions\" \/>\n<meta property=\"og:description\" content=\"Nuestra Pol\u00edtica de Calidad se basa en el crecimiento sostenido, en productos innovadores y de alta calidad, en proveedores debidamente y cuidadosamente seleccionados, en un equipo joven y motivado y, en rigurosos principios de gesti\u00f3n. Nuestros objetivos son ambiciosos y nuestra Estrategia y, Pol\u00edtica de Calidad se basan en las siguientes \u00e1reas de actividad: Satisfacer [&hellip;]\" \/>\n<meta property=\"og:url\" content=\"https:\/\/hannaik.com\/es\/politica-de-calidad\/\" \/>\n<meta property=\"og:site_name\" content=\"HANNAIK | Energy and Water Solutions\" \/>\n<meta property=\"article:publisher\" content=\"https:\/\/www.facebook.com\/hannaikenergy\/\" \/>\n<meta property=\"article:modified_time\" content=\"2021-07-16T14:18:28+00:00\" \/>\n<meta property=\"og:image\" content=\"https:\/\/hannaik.com\/wp-content\/uploads\/2017\/12\/HANNAIK.png\" \/>\n\t<meta property=\"og:image:width\" content=\"1200\" \/>\n\t<meta property=\"og:image:height\" content=\"600\" \/>\n\t<meta property=\"og:image:type\" content=\"image\/png\" \/>\n<meta name=\"twitter:card\" content=\"summary_large_image\" \/>\n<meta name=\"twitter:label1\" content=\"Tiempo de lectura\" \/>\n\t<meta name=\"twitter:data1\" content=\"2 minutos\" \/>\n<script type=\"application\/ld+json\" class=\"yoast-schema-graph\">{\"@context\":\"https:\/\/schema.org\",\"@graph\":[{\"@type\":\"WebPage\",\"@id\":\"https:\/\/hannaik.com\/es\/politica-de-calidad\/\",\"url\":\"https:\/\/hannaik.com\/es\/politica-de-calidad\/\",\"name\":\"Pol\u00edtica de Calidad &#8226; HANNAIK | Energy and Water Solutions\",\"isPartOf\":{\"@id\":\"https:\/\/hannaik.com\/#website\"},\"datePublished\":\"2017-09-19T13:50:39+00:00\",\"dateModified\":\"2021-07-16T14:18:28+00:00\",\"breadcrumb\":{\"@id\":\"https:\/\/hannaik.com\/es\/politica-de-calidad\/#breadcrumb\"},\"inLanguage\":\"es\",\"potentialAction\":[{\"@type\":\"ReadAction\",\"target\":[\"https:\/\/hannaik.com\/es\/politica-de-calidad\/\"]}]},{\"@type\":\"BreadcrumbList\",\"@id\":\"https:\/\/hannaik.com\/es\/politica-de-calidad\/#breadcrumb\",\"itemListElement\":[{\"@type\":\"ListItem\",\"position\":1,\"name\":\"Home\",\"item\":\"https:\/\/hannaik.com\/es\/\"},{\"@type\":\"ListItem\",\"position\":2,\"name\":\"Pol\u00edtica de Calidad\"}]},{\"@type\":\"WebSite\",\"@id\":\"https:\/\/hannaik.com\/#website\",\"url\":\"https:\/\/hannaik.com\/\",\"name\":\"Hannaik Gensets\",\"description\":\"Fabricante nacional de soluciones de agua y energ\u00eda\",\"publisher\":{\"@id\":\"https:\/\/hannaik.com\/#organization\"},\"potentialAction\":[{\"@type\":\"SearchAction\",\"target\":{\"@type\":\"EntryPoint\",\"urlTemplate\":\"https:\/\/hannaik.com\/?s={search_term_string}\"},\"query-input\":{\"@type\":\"PropertyValueSpecification\",\"valueRequired\":true,\"valueName\":\"search_term_string\"}}],\"inLanguage\":\"es\"},{\"@type\":\"Organization\",\"@id\":\"https:\/\/hannaik.com\/#organization\",\"name\":\"HANNAIK\",\"url\":\"https:\/\/hannaik.com\/\",\"logo\":{\"@type\":\"ImageObject\",\"inLanguage\":\"es\",\"@id\":\"https:\/\/hannaik.com\/#\/schema\/logo\/image\/\",\"url\":\"https:\/\/hannaik.com\/wp-content\/uploads\/2018\/03\/Hannaik3.png\",\"contentUrl\":\"https:\/\/hannaik.com\/wp-content\/uploads\/2018\/03\/Hannaik3.png\",\"width\":\"278\",\"height\":\"223\",\"caption\":\"HANNAIK\"},\"image\":{\"@id\":\"https:\/\/hannaik.com\/#\/schema\/logo\/image\/\"},\"sameAs\":[\"https:\/\/www.facebook.com\/hannaikenergy\/\",\"https:\/\/www.instagram.com\/hannaik_solutions\/\",\"https:\/\/www.linkedin.com\/company-beta\/15194419\",\"https:\/\/www.youtube.com\/channel\/UCQt234x994onwwmTd-K6U-A\"]}]}<\/script>\n<!-- \/ Yoast SEO plugin. -->","yoast_head_json":{"title":"Pol\u00edtica de Calidad &#8226; HANNAIK | Energy and Water Solutions","robots":{"index":"index","follow":"follow","max-snippet":"max-snippet:-1","max-image-preview":"max-image-preview:large","max-video-preview":"max-video-preview:-1"},"canonical":"https:\/\/hannaik.com\/es\/politica-de-calidad\/","og_locale":"es_ES","og_type":"article","og_title":"Pol\u00edtica de Calidad &#8226; HANNAIK | Energy and Water Solutions","og_description":"Nuestra Pol\u00edtica de Calidad se basa en el crecimiento sostenido, en productos innovadores y de alta calidad, en proveedores debidamente y cuidadosamente seleccionados, en un equipo joven y motivado y, en rigurosos principios de gesti\u00f3n. Nuestros objetivos son ambiciosos y nuestra Estrategia y, Pol\u00edtica de Calidad se basan en las siguientes \u00e1reas de actividad: Satisfacer [&hellip;]","og_url":"https:\/\/hannaik.com\/es\/politica-de-calidad\/","og_site_name":"HANNAIK | Energy and Water Solutions","article_publisher":"https:\/\/www.facebook.com\/hannaikenergy\/","article_modified_time":"2021-07-16T14:18:28+00:00","og_image":[{"width":1200,"height":600,"url":"https:\/\/hannaik.com\/wp-content\/uploads\/2017\/12\/HANNAIK.png","type":"image\/png"}],"twitter_card":"summary_large_image","twitter_misc":{"Tiempo de lectura":"2 minutos"},"schema":{"@context":"https:\/\/schema.org","@graph":[{"@type":"WebPage","@id":"https:\/\/hannaik.com\/es\/politica-de-calidad\/","url":"https:\/\/hannaik.com\/es\/politica-de-calidad\/","name":"Pol\u00edtica de Calidad &#8226; HANNAIK | Energy and Water Solutions","isPartOf":{"@id":"https:\/\/hannaik.com\/#website"},"datePublished":"2017-09-19T13:50:39+00:00","dateModified":"2021-07-16T14:18:28+00:00","breadcrumb":{"@id":"https:\/\/hannaik.com\/es\/politica-de-calidad\/#breadcrumb"},"inLanguage":"es","potentialAction":[{"@type":"ReadAction","target":["https:\/\/hannaik.com\/es\/politica-de-calidad\/"]}]},{"@type":"BreadcrumbList","@id":"https:\/\/hannaik.com\/es\/politica-de-calidad\/#breadcrumb","itemListElement":[{"@type":"ListItem","position":1,"name":"Home","item":"https:\/\/hannaik.com\/es\/"},{"@type":"ListItem","position":2,"name":"Pol\u00edtica de Calidad"}]},{"@type":"WebSite","@id":"https:\/\/hannaik.com\/#website","url":"https:\/\/hannaik.com\/","name":"Hannaik Gensets","description":"Fabricante nacional de soluciones de agua y energ\u00eda","publisher":{"@id":"https:\/\/hannaik.com\/#organization"},"potentialAction":[{"@type":"SearchAction","target":{"@type":"EntryPoint","urlTemplate":"https:\/\/hannaik.com\/?s={search_term_string}"},"query-input":{"@type":"PropertyValueSpecification","valueRequired":true,"valueName":"search_term_string"}}],"inLanguage":"es"},{"@type":"Organization","@id":"https:\/\/hannaik.com\/#organization","name":"HANNAIK","url":"https:\/\/hannaik.com\/","logo":{"@type":"ImageObject","inLanguage":"es","@id":"https:\/\/hannaik.com\/#\/schema\/logo\/image\/","url":"https:\/\/hannaik.com\/wp-content\/uploads\/2018\/03\/Hannaik3.png","contentUrl":"https:\/\/hannaik.com\/wp-content\/uploads\/2018\/03\/Hannaik3.png","width":"278","height":"223","caption":"HANNAIK"},"image":{"@id":"https:\/\/hannaik.com\/#\/schema\/logo\/image\/"},"sameAs":["https:\/\/www.facebook.com\/hannaikenergy\/","https:\/\/www.instagram.com\/hannaik_solutions\/","https:\/\/www.linkedin.com\/company-beta\/15194419","https:\/\/www.youtube.com\/channel\/UCQt234x994onwwmTd-K6U-A"]}]}},"_links":{"self":[{"href":"https:\/\/hannaik.com\/es\/wp-json\/wp\/v2\/pages\/1380","targetHints":{"allow":["GET"]}}],"collection":[{"href":"https:\/\/hannaik.com\/es\/wp-json\/wp\/v2\/pages"}],"about":[{"href":"https:\/\/hannaik.com\/es\/wp-json\/wp\/v2\/types\/page"}],"author":[{"embeddable":true,"href":"https:\/\/hannaik.com\/es\/wp-json\/wp\/v2\/users\/2"}],"replies":[{"embeddable":true,"href":"https:\/\/hannaik.com\/es\/wp-json\/wp\/v2\/comments?post=1380"}],"version-history":[{"count":6,"href":"https:\/\/hannaik.com\/es\/wp-json\/wp\/v2\/pages\/1380\/revisions"}],"predecessor-version":[{"id":18890,"href":"https:\/\/hannaik.com\/es\/wp-json\/wp\/v2\/pages\/1380\/revisions\/18890"}],"wp:attachment":[{"href":"https:\/\/hannaik.com\/es\/wp-json\/wp\/v2\/media?parent=1380"}],"curies":[{"name":"wp","href":"https:\/\/api.w.org\/{rel}","templated":true}]}}