{"id":1392,"date":"2017-09-19T13:50:56","date_gmt":"2017-09-19T13:50:56","guid":{"rendered":"https:\/\/hannaik.com\/sustentabilidade\/"},"modified":"2017-12-12T21:35:11","modified_gmt":"2017-12-12T21:35:11","slug":"sustentabilidade","status":"publish","type":"page","link":"https:\/\/hannaik.com\/es\/sustentabilidade\/","title":{"rendered":"Sostenibilidad"},"content":{"rendered":"<p><span style=\"color: #7db927;\"><strong>Educa\u00e7\u00e3o<\/strong><\/span><br \/>\nAtrav\u00e9s de protocolos com universidades, escolas locais e centros de forma\u00e7\u00e3o profissional, a HANNAIK, tem desenvolvido est\u00e1gios profissionais, em diversos n\u00edveis de ensino, promovendo uma integra\u00e7\u00e3o profissional dos estudantes, contribuindo para uma melhoria na qualidade do sistema de ensino com o aumento das compet\u00eancias dos estudantes.<\/p>\n<p><span style=\"color: #7db927;\"><strong>A\u00e7\u00e3o Social<\/strong><\/span><br \/>\nA a\u00e7\u00e3o direta de Apoio Social, atrav\u00e9s de v\u00e1rias iniciativas, \u00e9 um dos instrumentos que a HANNAIK tem procurado para melhorar a qualidade de vida das pessoas e comunidade onde se insere.<\/p>\n<p><span style=\"color: #7db927;\"><strong>Responsabilidade social<\/strong><\/span><br \/>\nCiente do papel que uma organiza\u00e7\u00e3o deve desempenhar na sociedade, n\u00e3o s\u00f3 ao n\u00edvel econ\u00f3mico, mas tamb\u00e9m social e cultural, a HANNAIK \u00e1 semelhan\u00e7a do Grupo de empresa onde se insere, tem-se juntado ao longo da sua vida a v\u00e1rios parceiros locais, nomeadamente desportivos e culturais.<\/p>\n","protected":false},"excerpt":{"rendered":"<p>Educa\u00e7\u00e3o Atrav\u00e9s de protocolos com universidades, escolas locais e centros de forma\u00e7\u00e3o profissional, a HANNAIK, tem desenvolvido est\u00e1gios profissionais, em diversos n\u00edveis de ensino, promovendo uma integra\u00e7\u00e3o profissional dos estudantes, contribuindo para uma melhoria na qualidade do sistema de ensino com o aumento das compet\u00eancias dos estudantes. A\u00e7\u00e3o Social A a\u00e7\u00e3o direta de Apoio Social, [&hellip;]<\/p>\n","protected":false},"author":2,"featured_media":0,"parent":0,"menu_order":0,"comment_status":"closed","ping_status":"closed","template":"privacy-policy.php","meta":{"footnotes":""},"class_list":["post-1392","page","type-page","status-publish","hentry"],"acf":[],"yoast_head":"<!-- This site is optimized with the Yoast SEO plugin v27.1.1 - https:\/\/yoast.com\/product\/yoast-seo-wordpress\/ -->\n<title>Sostenibilidad &#8226; HANNAIK | Energy and Water Solutions<\/title>\n<meta name=\"robots\" content=\"index, follow, max-snippet:-1, max-image-preview:large, max-video-preview:-1\" \/>\n<link rel=\"canonical\" href=\"https:\/\/hannaik.com\/es\/sustentabilidade\/\" \/>\n<meta property=\"og:locale\" content=\"es_ES\" \/>\n<meta property=\"og:type\" content=\"article\" \/>\n<meta property=\"og:title\" content=\"Sostenibilidad &#8226; HANNAIK | Energy and Water Solutions\" \/>\n<meta property=\"og:description\" content=\"Educa\u00e7\u00e3o Atrav\u00e9s de protocolos com universidades, escolas locais e centros de forma\u00e7\u00e3o profissional, a HANNAIK, tem desenvolvido est\u00e1gios profissionais, em diversos n\u00edveis de ensino, promovendo uma integra\u00e7\u00e3o profissional dos estudantes, contribuindo para uma melhoria na qualidade do sistema de ensino com o aumento das compet\u00eancias dos estudantes. A\u00e7\u00e3o Social A a\u00e7\u00e3o direta de Apoio Social, [&hellip;]\" \/>\n<meta property=\"og:url\" content=\"https:\/\/hannaik.com\/es\/sustentabilidade\/\" \/>\n<meta property=\"og:site_name\" content=\"HANNAIK | Energy and Water Solutions\" \/>\n<meta property=\"article:publisher\" content=\"https:\/\/www.facebook.com\/hannaikenergy\/\" \/>\n<meta property=\"article:modified_time\" content=\"2017-12-12T21:35:11+00:00\" \/>\n<meta property=\"og:image\" content=\"https:\/\/hannaik.com\/wp-content\/uploads\/2017\/12\/HANNAIK.png\" \/>\n\t<meta property=\"og:image:width\" content=\"1200\" \/>\n\t<meta property=\"og:image:height\" content=\"600\" \/>\n\t<meta property=\"og:image:type\" content=\"image\/png\" \/>\n<meta name=\"twitter:card\" content=\"summary_large_image\" \/>\n<meta name=\"twitter:label1\" content=\"Tiempo de lectura\" \/>\n\t<meta name=\"twitter:data1\" content=\"1 minuto\" \/>\n<script type=\"application\/ld+json\" class=\"yoast-schema-graph\">{\"@context\":\"https:\/\/schema.org\",\"@graph\":[{\"@type\":\"WebPage\",\"@id\":\"https:\/\/hannaik.com\/es\/sustentabilidade\/\",\"url\":\"https:\/\/hannaik.com\/es\/sustentabilidade\/\",\"name\":\"Sostenibilidad &#8226; HANNAIK | Energy and Water Solutions\",\"isPartOf\":{\"@id\":\"https:\/\/hannaik.com\/#website\"},\"datePublished\":\"2017-09-19T13:50:56+00:00\",\"dateModified\":\"2017-12-12T21:35:11+00:00\",\"breadcrumb\":{\"@id\":\"https:\/\/hannaik.com\/es\/sustentabilidade\/#breadcrumb\"},\"inLanguage\":\"es\",\"potentialAction\":[{\"@type\":\"ReadAction\",\"target\":[\"https:\/\/hannaik.com\/es\/sustentabilidade\/\"]}]},{\"@type\":\"BreadcrumbList\",\"@id\":\"https:\/\/hannaik.com\/es\/sustentabilidade\/#breadcrumb\",\"itemListElement\":[{\"@type\":\"ListItem\",\"position\":1,\"name\":\"Home\",\"item\":\"https:\/\/hannaik.com\/es\/\"},{\"@type\":\"ListItem\",\"position\":2,\"name\":\"Sostenibilidad\"}]},{\"@type\":\"WebSite\",\"@id\":\"https:\/\/hannaik.com\/#website\",\"url\":\"https:\/\/hannaik.com\/\",\"name\":\"Hannaik Gensets\",\"description\":\"Fabricante nacional de soluciones de agua y energ\u00eda\",\"publisher\":{\"@id\":\"https:\/\/hannaik.com\/#organization\"},\"potentialAction\":[{\"@type\":\"SearchAction\",\"target\":{\"@type\":\"EntryPoint\",\"urlTemplate\":\"https:\/\/hannaik.com\/?s={search_term_string}\"},\"query-input\":{\"@type\":\"PropertyValueSpecification\",\"valueRequired\":true,\"valueName\":\"search_term_string\"}}],\"inLanguage\":\"es\"},{\"@type\":\"Organization\",\"@id\":\"https:\/\/hannaik.com\/#organization\",\"name\":\"HANNAIK\",\"url\":\"https:\/\/hannaik.com\/\",\"logo\":{\"@type\":\"ImageObject\",\"inLanguage\":\"es\",\"@id\":\"https:\/\/hannaik.com\/#\/schema\/logo\/image\/\",\"url\":\"https:\/\/hannaik.com\/wp-content\/uploads\/2018\/03\/Hannaik3.png\",\"contentUrl\":\"https:\/\/hannaik.com\/wp-content\/uploads\/2018\/03\/Hannaik3.png\",\"width\":\"278\",\"height\":\"223\",\"caption\":\"HANNAIK\"},\"image\":{\"@id\":\"https:\/\/hannaik.com\/#\/schema\/logo\/image\/\"},\"sameAs\":[\"https:\/\/www.facebook.com\/hannaikenergy\/\",\"https:\/\/www.instagram.com\/hannaik_solutions\/\",\"https:\/\/www.linkedin.com\/company-beta\/15194419\",\"https:\/\/www.youtube.com\/channel\/UCQt234x994onwwmTd-K6U-A\"]}]}<\/script>\n<!-- \/ Yoast SEO plugin. -->","yoast_head_json":{"title":"Sostenibilidad &#8226; HANNAIK | Energy and Water Solutions","robots":{"index":"index","follow":"follow","max-snippet":"max-snippet:-1","max-image-preview":"max-image-preview:large","max-video-preview":"max-video-preview:-1"},"canonical":"https:\/\/hannaik.com\/es\/sustentabilidade\/","og_locale":"es_ES","og_type":"article","og_title":"Sostenibilidad &#8226; HANNAIK | Energy and Water Solutions","og_description":"Educa\u00e7\u00e3o Atrav\u00e9s de protocolos com universidades, escolas locais e centros de forma\u00e7\u00e3o profissional, a HANNAIK, tem desenvolvido est\u00e1gios profissionais, em diversos n\u00edveis de ensino, promovendo uma integra\u00e7\u00e3o profissional dos estudantes, contribuindo para uma melhoria na qualidade do sistema de ensino com o aumento das compet\u00eancias dos estudantes. A\u00e7\u00e3o Social A a\u00e7\u00e3o direta de Apoio Social, [&hellip;]","og_url":"https:\/\/hannaik.com\/es\/sustentabilidade\/","og_site_name":"HANNAIK | Energy and Water Solutions","article_publisher":"https:\/\/www.facebook.com\/hannaikenergy\/","article_modified_time":"2017-12-12T21:35:11+00:00","og_image":[{"width":1200,"height":600,"url":"https:\/\/hannaik.com\/wp-content\/uploads\/2017\/12\/HANNAIK.png","type":"image\/png"}],"twitter_card":"summary_large_image","twitter_misc":{"Tiempo de lectura":"1 minuto"},"schema":{"@context":"https:\/\/schema.org","@graph":[{"@type":"WebPage","@id":"https:\/\/hannaik.com\/es\/sustentabilidade\/","url":"https:\/\/hannaik.com\/es\/sustentabilidade\/","name":"Sostenibilidad &#8226; HANNAIK | Energy and Water Solutions","isPartOf":{"@id":"https:\/\/hannaik.com\/#website"},"datePublished":"2017-09-19T13:50:56+00:00","dateModified":"2017-12-12T21:35:11+00:00","breadcrumb":{"@id":"https:\/\/hannaik.com\/es\/sustentabilidade\/#breadcrumb"},"inLanguage":"es","potentialAction":[{"@type":"ReadAction","target":["https:\/\/hannaik.com\/es\/sustentabilidade\/"]}]},{"@type":"BreadcrumbList","@id":"https:\/\/hannaik.com\/es\/sustentabilidade\/#breadcrumb","itemListElement":[{"@type":"ListItem","position":1,"name":"Home","item":"https:\/\/hannaik.com\/es\/"},{"@type":"ListItem","position":2,"name":"Sostenibilidad"}]},{"@type":"WebSite","@id":"https:\/\/hannaik.com\/#website","url":"https:\/\/hannaik.com\/","name":"Hannaik Gensets","description":"Fabricante nacional de soluciones de agua y energ\u00eda","publisher":{"@id":"https:\/\/hannaik.com\/#organization"},"potentialAction":[{"@type":"SearchAction","target":{"@type":"EntryPoint","urlTemplate":"https:\/\/hannaik.com\/?s={search_term_string}"},"query-input":{"@type":"PropertyValueSpecification","valueRequired":true,"valueName":"search_term_string"}}],"inLanguage":"es"},{"@type":"Organization","@id":"https:\/\/hannaik.com\/#organization","name":"HANNAIK","url":"https:\/\/hannaik.com\/","logo":{"@type":"ImageObject","inLanguage":"es","@id":"https:\/\/hannaik.com\/#\/schema\/logo\/image\/","url":"https:\/\/hannaik.com\/wp-content\/uploads\/2018\/03\/Hannaik3.png","contentUrl":"https:\/\/hannaik.com\/wp-content\/uploads\/2018\/03\/Hannaik3.png","width":"278","height":"223","caption":"HANNAIK"},"image":{"@id":"https:\/\/hannaik.com\/#\/schema\/logo\/image\/"},"sameAs":["https:\/\/www.facebook.com\/hannaikenergy\/","https:\/\/www.instagram.com\/hannaik_solutions\/","https:\/\/www.linkedin.com\/company-beta\/15194419","https:\/\/www.youtube.com\/channel\/UCQt234x994onwwmTd-K6U-A"]}]}},"_links":{"self":[{"href":"https:\/\/hannaik.com\/es\/wp-json\/wp\/v2\/pages\/1392","targetHints":{"allow":["GET"]}}],"collection":[{"href":"https:\/\/hannaik.com\/es\/wp-json\/wp\/v2\/pages"}],"about":[{"href":"https:\/\/hannaik.com\/es\/wp-json\/wp\/v2\/types\/page"}],"author":[{"embeddable":true,"href":"https:\/\/hannaik.com\/es\/wp-json\/wp\/v2\/users\/2"}],"replies":[{"embeddable":true,"href":"https:\/\/hannaik.com\/es\/wp-json\/wp\/v2\/comments?post=1392"}],"version-history":[{"count":3,"href":"https:\/\/hannaik.com\/es\/wp-json\/wp\/v2\/pages\/1392\/revisions"}],"predecessor-version":[{"id":3731,"href":"https:\/\/hannaik.com\/es\/wp-json\/wp\/v2\/pages\/1392\/revisions\/3731"}],"wp:attachment":[{"href":"https:\/\/hannaik.com\/es\/wp-json\/wp\/v2\/media?parent=1392"}],"curies":[{"name":"wp","href":"https:\/\/api.w.org\/{rel}","templated":true}]}}