{"id":1420,"date":"2017-09-19T10:36:11","date_gmt":"2017-09-19T10:36:11","guid":{"rendered":"https:\/\/hannaik.com\/contactos\/"},"modified":"2022-12-22T16:38:24","modified_gmt":"2022-12-22T16:38:24","slug":"contactos","status":"publish","type":"page","link":"https:\/\/hannaik.com\/es\/contactos\/","title":{"rendered":"Contactos"},"content":{"rendered":"\t\t<div data-elementor-type=\"wp-page\" data-elementor-id=\"1420\" class=\"elementor elementor-1420 elementor-184\">\n\t\t\t\t\t\t<section class=\"elementor-section elementor-top-section elementor-element elementor-element-7ba0c11 elementor-section-boxed elementor-section-height-default elementor-section-height-default\" data-id=\"7ba0c11\" data-element_type=\"section\" data-e-type=\"section\">\n\t\t\t\t\t\t<div class=\"elementor-container elementor-column-gap-default\">\n\t\t\t\t\t<div class=\"elementor-column elementor-col-100 elementor-top-column elementor-element elementor-element-05f543a\" data-id=\"05f543a\" data-element_type=\"column\" data-e-type=\"column\">\n\t\t\t<div class=\"elementor-widget-wrap elementor-element-populated\">\n\t\t\t\t\t\t<div class=\"elementor-element elementor-element-48fa206 elementor-hidden-desktop elementor-hidden-tablet elementor-hidden-mobile elementor-widget elementor-widget-heading\" data-id=\"48fa206\" data-element_type=\"widget\" data-e-type=\"widget\" data-widget_type=\"heading.default\">\n\t\t\t\t<div class=\"elementor-widget-container\">\n\t\t\t\t\t<h2 class=\"elementor-heading-title elementor-size-large\">Contactos<\/h2>\t\t\t\t<\/div>\n\t\t\t\t<\/div>\n\t\t\t\t\t<\/div>\n\t\t<\/div>\n\t\t\t\t\t<\/div>\n\t\t<\/section>\n\t\t\t\t<section class=\"elementor-section elementor-top-section elementor-element elementor-element-8b603db elementor-section-full_width elementor-section-height-default elementor-section-height-default\" data-id=\"8b603db\" data-element_type=\"section\" data-e-type=\"section\">\n\t\t\t\t\t\t<div class=\"elementor-container elementor-column-gap-default\">\n\t\t\t\t\t<div class=\"elementor-column elementor-col-100 elementor-top-column elementor-element elementor-element-6a8c7de\" data-id=\"6a8c7de\" data-element_type=\"column\" data-e-type=\"column\">\n\t\t\t<div class=\"elementor-widget-wrap elementor-element-populated\">\n\t\t\t\t\t\t<div class=\"elementor-element elementor-element-ee28e38 elementor-invisible elementor-widget elementor-widget-image\" data-id=\"ee28e38\" data-element_type=\"widget\" data-e-type=\"widget\" data-settings=\"{&quot;_animation&quot;:&quot;fadeIn&quot;}\" data-widget_type=\"image.default\">\n\t\t\t\t<div class=\"elementor-widget-container\">\n\t\t\t\t\t\t\t\t\t\t\t\t\t\t\t<img fetchpriority=\"high\" decoding=\"async\" width=\"1024\" height=\"692\" src=\"https:\/\/hannaik.com\/wp-content\/uploads\/2018\/06\/web_hannaik1-min-1024x692.jpg\" class=\"attachment-large size-large wp-image-8509\" alt=\"HANNAIK \u00e9 uma empresa Potuguesa, dedicada ao com\u00e9rcio de solu\u00e7\u00f5es de energia e de \u00e1gua para uma diversidade de aplica\u00e7\u00f5es. Sediada em Aveiro, a HANNAIK integra um grupo empresarial com mais de 50 anos de exist\u00eancia - o MSGROUP - de elevado prest\u00edgio e com presen\u00e7a internacional em mais de 30 pa\u00edses.\" srcset=\"https:\/\/hannaik.com\/wp-content\/uploads\/2018\/06\/web_hannaik1-min-1024x692.jpg 1024w, https:\/\/hannaik.com\/wp-content\/uploads\/2018\/06\/web_hannaik1-min-300x203.jpg 300w, https:\/\/hannaik.com\/wp-content\/uploads\/2018\/06\/web_hannaik1-min-768x519.jpg 768w, https:\/\/hannaik.com\/wp-content\/uploads\/2018\/06\/web_hannaik1-min-220x150.jpg 220w, https:\/\/hannaik.com\/wp-content\/uploads\/2018\/06\/web_hannaik1-min.jpg 2000w\" sizes=\"(max-width: 1024px) 100vw, 1024px\" \/>\t\t\t\t\t\t\t\t\t\t\t\t\t\t\t<\/div>\n\t\t\t\t<\/div>\n\t\t\t\t<div class=\"elementor-element elementor-element-18d127c elementor-widget elementor-widget-spacer\" data-id=\"18d127c\" data-element_type=\"widget\" data-e-type=\"widget\" data-widget_type=\"spacer.default\">\n\t\t\t\t<div class=\"elementor-widget-container\">\n\t\t\t\t\t\t\t<div class=\"elementor-spacer\">\n\t\t\t<div class=\"elementor-spacer-inner\"><\/div>\n\t\t<\/div>\n\t\t\t\t\t\t<\/div>\n\t\t\t\t<\/div>\n\t\t\t\t\t<\/div>\n\t\t<\/div>\n\t\t\t\t\t<\/div>\n\t\t<\/section>\n\t\t\t\t<section class=\"elementor-section elementor-top-section elementor-element elementor-element-30c686a elementor-section-boxed elementor-section-height-default elementor-section-height-default\" data-id=\"30c686a\" data-element_type=\"section\" data-e-type=\"section\">\n\t\t\t\t\t\t<div class=\"elementor-container elementor-column-gap-default\">\n\t\t\t\t\t<div class=\"elementor-column elementor-col-100 elementor-top-column elementor-element elementor-element-8f0cb90\" data-id=\"8f0cb90\" data-element_type=\"column\" data-e-type=\"column\">\n\t\t\t<div class=\"elementor-widget-wrap elementor-element-populated\">\n\t\t\t\t\t\t<div class=\"elementor-element elementor-element-1a236db elementor-invisible elementor-widget elementor-widget-heading\" data-id=\"1a236db\" data-element_type=\"widget\" data-e-type=\"widget\" data-settings=\"{&quot;_animation&quot;:&quot;fadeIn&quot;}\" data-widget_type=\"heading.default\">\n\t\t\t\t<div class=\"elementor-widget-container\">\n\t\t\t\t\t<h2 class=\"elementor-heading-title elementor-size-large\">Hable con Nosotros<\/h2>\t\t\t\t<\/div>\n\t\t\t\t<\/div>\n\t\t\t\t\t<\/div>\n\t\t<\/div>\n\t\t\t\t\t<\/div>\n\t\t<\/section>\n\t\t\t\t<section class=\"elementor-section elementor-top-section elementor-element elementor-element-e677f48 elementor-section-boxed elementor-section-height-default elementor-section-height-default\" data-id=\"e677f48\" data-element_type=\"section\" data-e-type=\"section\">\n\t\t\t\t\t\t<div class=\"elementor-container elementor-column-gap-default\">\n\t\t\t\t\t<div class=\"elementor-column elementor-col-100 elementor-top-column elementor-element elementor-element-fe09396\" data-id=\"fe09396\" data-element_type=\"column\" data-e-type=\"column\">\n\t\t\t<div class=\"elementor-widget-wrap elementor-element-populated\">\n\t\t\t\t\t\t<div class=\"elementor-element elementor-element-84f7da4 elementor-widget elementor-widget-void-section-cf7\" data-id=\"84f7da4\" data-element_type=\"widget\" data-e-type=\"widget\" data-widget_type=\"void-section-cf7.default\">\n\t\t\t\t<div class=\"elementor-widget-container\">\n\t\t\t\t\t<div class=\"void-cf7-form-widget-wrapper elementor-shortcode void-cf7-0\" data-void-cf7-contact-form-id=\"4\">\n<div class=\"wpcf7 no-js\" id=\"wpcf7-f4-o1\" lang=\"en-US\" dir=\"ltr\" data-wpcf7-id=\"4\">\n<div class=\"screen-reader-response\"><p role=\"status\" aria-live=\"polite\" aria-atomic=\"true\"><\/p> <ul><\/ul><\/div>\n<form action=\"\/es\/wp-json\/wp\/v2\/pages\/1420#wpcf7-f4-o1\" method=\"post\" class=\"wpcf7-form init\" aria-label=\"Contact form\" novalidate=\"novalidate\" data-status=\"init\">\n<fieldset class=\"hidden-fields-container\"><input type=\"hidden\" name=\"_wpcf7\" value=\"4\" \/><input type=\"hidden\" name=\"_wpcf7_version\" value=\"6.1.5\" \/><input type=\"hidden\" name=\"_wpcf7_locale\" value=\"en_US\" \/><input type=\"hidden\" name=\"_wpcf7_unit_tag\" value=\"wpcf7-f4-o1\" \/><input type=\"hidden\" name=\"_wpcf7_container_post\" value=\"0\" \/><input type=\"hidden\" name=\"_wpcf7_posted_data_hash\" value=\"\" \/><input type=\"hidden\" name=\"_wpcf7_recaptcha_response\" value=\"\" \/>\n<\/fieldset>\n<div class=\"form-group required\">\n<label for=\"name\">Nome <span>(obrigat\u00f3rio)<\/span><\/label>\n<span class=\"wpcf7-form-control-wrap\" data-name=\"username\"><input size=\"40\" maxlength=\"400\" class=\"wpcf7-form-control wpcf7-text wpcf7-validates-as-required form-control\" id=\"name\" aria-required=\"true\" aria-invalid=\"false\" value=\"\" type=\"text\" name=\"username\" \/><\/span>\n<\/div>\n<div class=\"form-group required\">\n<label for=\"email\">Email <span>(obrigat\u00f3rio)<\/span><\/label>\n<span class=\"wpcf7-form-control-wrap\" data-name=\"useremail\"><input size=\"40\" maxlength=\"400\" class=\"wpcf7-form-control wpcf7-email wpcf7-validates-as-required wpcf7-text wpcf7-validates-as-email form-control\" id=\"email\" aria-required=\"true\" aria-invalid=\"false\" value=\"\" type=\"email\" name=\"useremail\" \/><\/span>\n<\/div>\n<div class=\"form-group\">\n<label for=\"phone\">Telefone<\/label>\n<span class=\"wpcf7-form-control-wrap\" data-name=\"phonenumber\"><input size=\"40\" maxlength=\"400\" class=\"wpcf7-form-control wpcf7-tel wpcf7-text wpcf7-validates-as-tel form-control\" id=\"phone\" aria-invalid=\"false\" value=\"\" type=\"tel\" name=\"phonenumber\" \/><\/span>\n<\/div>\n<div class=\"form-group required\">\n<label for=\"subject\">Assunto <span>(obrigat\u00f3rio)<\/span><\/label>\n<span class=\"wpcf7-form-control-wrap\" data-name=\"subject\"><input size=\"40\" maxlength=\"400\" class=\"wpcf7-form-control wpcf7-text wpcf7-validates-as-required form-control nice\" id=\"subject\" aria-required=\"true\" aria-invalid=\"false\" value=\"\" type=\"text\" name=\"subject\" \/><\/span>\n<\/div>\n<div class=\"form-group required\">\n<label for=\"message\">Mensagem <span>(obrigat\u00f3rio)<\/span><\/label>\n<span class=\"wpcf7-form-control-wrap\" data-name=\"message\"><textarea cols=\"40\" rows=\"10\" maxlength=\"2000\" class=\"wpcf7-form-control wpcf7-textarea wpcf7-validates-as-required form-control\" id=\"message\" aria-required=\"true\" aria-invalid=\"false\" name=\"message\"><\/textarea><\/span>\n<\/div>\n\n<input class=\"wpcf7-form-control wpcf7-submit has-spinner btn btn-submit\" type=\"submit\" value=\"Submeter\" \/><div class=\"wpcf7-response-output\" aria-hidden=\"true\"><\/div>\n<\/form>\n<\/div>\n<\/div> \t\t\t<script>\r\n \t\t\t        var theform = document.querySelector('.void-cf7-0');\r\n\t\t\t\t\t\ttheform.addEventListener( 'wpcf7mailsent', function( event ) {\r\n\t\t\t\t\t    location = 'https:\/\/hannaik.com\/es\/contactos\/';\r\n\t\t\t\t\t}, false );\r\n\t\t\t<\/script>\r\n\r\n\t\t\t\t\t\t<\/div>\n\t\t\t\t<\/div>\n\t\t\t\t\t<\/div>\n\t\t<\/div>\n\t\t\t\t\t<\/div>\n\t\t<\/section>\n\t\t\t\t<section class=\"elementor-section elementor-top-section elementor-element elementor-element-76ba952 elementor-section-boxed elementor-section-height-default elementor-section-height-default\" data-id=\"76ba952\" data-element_type=\"section\" data-e-type=\"section\">\n\t\t\t\t\t\t<div class=\"elementor-container elementor-column-gap-default\">\n\t\t\t\t\t<div class=\"elementor-column elementor-col-100 elementor-top-column elementor-element elementor-element-a113fdd\" data-id=\"a113fdd\" data-element_type=\"column\" data-e-type=\"column\">\n\t\t\t<div class=\"elementor-widget-wrap elementor-element-populated\">\n\t\t\t\t\t\t<div class=\"elementor-element elementor-element-4acff18 elementor-widget elementor-widget-google_maps\" data-id=\"4acff18\" data-element_type=\"widget\" data-e-type=\"widget\" data-widget_type=\"google_maps.default\">\n\t\t\t\t<div class=\"elementor-widget-container\">\n\t\t\t\t\t\t\t<div class=\"elementor-custom-embed\">\n\t\t\t<iframe loading=\"lazy\"\n\t\t\t\t\tsrc=\"https:\/\/maps.google.com\/maps?q=Hannaik%20Rua%20da%20Paz%2C%20S%2FN%20-%20Cacia%203800-587%20Aveiro%20Portugal&#038;t=m&#038;z=10&#038;output=embed&#038;iwloc=near\"\n\t\t\t\t\ttitle=\"Hannaik Rua da Paz, S\/N - Cacia 3800-587 Aveiro Portugal\"\n\t\t\t\t\taria-label=\"Hannaik Rua da Paz, S\/N - Cacia 3800-587 Aveiro Portugal\"\n\t\t\t><\/iframe>\n\t\t<\/div>\n\t\t\t\t\t\t<\/div>\n\t\t\t\t<\/div>\n\t\t\t\t\t<\/div>\n\t\t<\/div>\n\t\t\t\t\t<\/div>\n\t\t<\/section>\n\t\t\t\t<section class=\"elementor-section elementor-top-section elementor-element elementor-element-0bcd196 elementor-section-boxed elementor-section-height-default elementor-section-height-default\" data-id=\"0bcd196\" data-element_type=\"section\" data-e-type=\"section\">\n\t\t\t\t\t\t<div class=\"elementor-container elementor-column-gap-default\">\n\t\t\t\t\t<div class=\"elementor-column elementor-col-100 elementor-top-column elementor-element elementor-element-aa83493\" data-id=\"aa83493\" data-element_type=\"column\" data-e-type=\"column\">\n\t\t\t<div class=\"elementor-widget-wrap\">\n\t\t\t\t\t\t\t<\/div>\n\t\t<\/div>\n\t\t\t\t\t<\/div>\n\t\t<\/section>\n\t\t\t\t<\/div>\n\t\t","protected":false},"excerpt":{"rendered":"<p>Contactos Hable con Nosotros Nome (obrigat\u00f3rio) Email (obrigat\u00f3rio) Telefone Assunto (obrigat\u00f3rio) Mensagem (obrigat\u00f3rio)<\/p>\n","protected":false},"author":2,"featured_media":0,"parent":0,"menu_order":0,"comment_status":"closed","ping_status":"closed","template":"","meta":{"footnotes":""},"class_list":["post-1420","page","type-page","status-publish","hentry"],"acf":[],"yoast_head":"<!-- This site is optimized with the Yoast SEO plugin v27.1.1 - https:\/\/yoast.com\/product\/yoast-seo-wordpress\/ -->\n<title>HANNAIK &#8226; Cont\u00e1ctenos. Estamos disponibles 24\/7<\/title>\n<meta name=\"description\" content=\"En HANNAIK encontrar\u00e1s un equipo t\u00e9cnico dispuesto a ayudarte. Cont\u00e1ctenos por correo electr\u00f3nico, sitio web, redes sociales o tel\u00e9fono\" \/>\n<meta name=\"robots\" content=\"index, follow, max-snippet:-1, max-image-preview:large, max-video-preview:-1\" \/>\n<link rel=\"canonical\" href=\"https:\/\/hannaik.com\/es\/contactos\/\" \/>\n<meta property=\"og:locale\" content=\"es_ES\" \/>\n<meta property=\"og:type\" content=\"article\" \/>\n<meta property=\"og:title\" content=\"HANNAIK &#8226; Cont\u00e1ctenos. Estamos disponibles 24\/7\" \/>\n<meta property=\"og:description\" content=\"En HANNAIK encontrar\u00e1s un equipo t\u00e9cnico dispuesto a ayudarte. Cont\u00e1ctenos por correo electr\u00f3nico, sitio web, redes sociales o tel\u00e9fono\" \/>\n<meta property=\"og:url\" content=\"https:\/\/hannaik.com\/es\/contactos\/\" \/>\n<meta property=\"og:site_name\" content=\"HANNAIK | Energy and Water Solutions\" \/>\n<meta property=\"article:publisher\" content=\"https:\/\/www.facebook.com\/hannaikenergy\/\" \/>\n<meta property=\"article:modified_time\" content=\"2022-12-22T16:38:24+00:00\" \/>\n<meta property=\"og:image\" content=\"https:\/\/hannaik.com\/wp-content\/uploads\/2018\/06\/web_hannaik1-min-1024x692.jpg\" \/>\n<meta name=\"twitter:card\" content=\"summary_large_image\" \/>\n<meta name=\"twitter:label1\" content=\"Tiempo de lectura\" \/>\n\t<meta name=\"twitter:data1\" content=\"1 minuto\" \/>\n<script type=\"application\/ld+json\" class=\"yoast-schema-graph\">{\"@context\":\"https:\/\/schema.org\",\"@graph\":[{\"@type\":\"WebPage\",\"@id\":\"https:\/\/hannaik.com\/es\/contactos\/\",\"url\":\"https:\/\/hannaik.com\/es\/contactos\/\",\"name\":\"HANNAIK &#8226; Cont\u00e1ctenos. Estamos disponibles 24\/7\",\"isPartOf\":{\"@id\":\"https:\/\/hannaik.com\/#website\"},\"primaryImageOfPage\":{\"@id\":\"https:\/\/hannaik.com\/es\/contactos\/#primaryimage\"},\"image\":{\"@id\":\"https:\/\/hannaik.com\/es\/contactos\/#primaryimage\"},\"thumbnailUrl\":\"https:\/\/hannaik.com\/wp-content\/uploads\/2018\/06\/web_hannaik1-min-1024x692.jpg\",\"datePublished\":\"2017-09-19T10:36:11+00:00\",\"dateModified\":\"2022-12-22T16:38:24+00:00\",\"description\":\"En HANNAIK encontrar\u00e1s un equipo t\u00e9cnico dispuesto a ayudarte. Cont\u00e1ctenos por correo electr\u00f3nico, sitio web, redes sociales o tel\u00e9fono\",\"breadcrumb\":{\"@id\":\"https:\/\/hannaik.com\/es\/contactos\/#breadcrumb\"},\"inLanguage\":\"es\",\"potentialAction\":[{\"@type\":\"ReadAction\",\"target\":[\"https:\/\/hannaik.com\/es\/contactos\/\"]}]},{\"@type\":\"ImageObject\",\"inLanguage\":\"es\",\"@id\":\"https:\/\/hannaik.com\/es\/contactos\/#primaryimage\",\"url\":\"https:\/\/hannaik.com\/wp-content\/uploads\/2018\/06\/web_hannaik1-min-1024x692.jpg\",\"contentUrl\":\"https:\/\/hannaik.com\/wp-content\/uploads\/2018\/06\/web_hannaik1-min-1024x692.jpg\"},{\"@type\":\"BreadcrumbList\",\"@id\":\"https:\/\/hannaik.com\/es\/contactos\/#breadcrumb\",\"itemListElement\":[{\"@type\":\"ListItem\",\"position\":1,\"name\":\"Home\",\"item\":\"https:\/\/hannaik.com\/es\/\"},{\"@type\":\"ListItem\",\"position\":2,\"name\":\"Contactos\"}]},{\"@type\":\"WebSite\",\"@id\":\"https:\/\/hannaik.com\/#website\",\"url\":\"https:\/\/hannaik.com\/\",\"name\":\"Hannaik Gensets\",\"description\":\"Fabricante nacional de soluciones de agua y energ\u00eda\",\"publisher\":{\"@id\":\"https:\/\/hannaik.com\/#organization\"},\"potentialAction\":[{\"@type\":\"SearchAction\",\"target\":{\"@type\":\"EntryPoint\",\"urlTemplate\":\"https:\/\/hannaik.com\/?s={search_term_string}\"},\"query-input\":{\"@type\":\"PropertyValueSpecification\",\"valueRequired\":true,\"valueName\":\"search_term_string\"}}],\"inLanguage\":\"es\"},{\"@type\":\"Organization\",\"@id\":\"https:\/\/hannaik.com\/#organization\",\"name\":\"HANNAIK\",\"url\":\"https:\/\/hannaik.com\/\",\"logo\":{\"@type\":\"ImageObject\",\"inLanguage\":\"es\",\"@id\":\"https:\/\/hannaik.com\/#\/schema\/logo\/image\/\",\"url\":\"https:\/\/hannaik.com\/wp-content\/uploads\/2018\/03\/Hannaik3.png\",\"contentUrl\":\"https:\/\/hannaik.com\/wp-content\/uploads\/2018\/03\/Hannaik3.png\",\"width\":\"278\",\"height\":\"223\",\"caption\":\"HANNAIK\"},\"image\":{\"@id\":\"https:\/\/hannaik.com\/#\/schema\/logo\/image\/\"},\"sameAs\":[\"https:\/\/www.facebook.com\/hannaikenergy\/\",\"https:\/\/www.instagram.com\/hannaik_solutions\/\",\"https:\/\/www.linkedin.com\/company-beta\/15194419\",\"https:\/\/www.youtube.com\/channel\/UCQt234x994onwwmTd-K6U-A\"]}]}<\/script>\n<!-- \/ Yoast SEO plugin. -->","yoast_head_json":{"title":"HANNAIK &#8226; Cont\u00e1ctenos. Estamos disponibles 24\/7","description":"En HANNAIK encontrar\u00e1s un equipo t\u00e9cnico dispuesto a ayudarte. Cont\u00e1ctenos por correo electr\u00f3nico, sitio web, redes sociales o tel\u00e9fono","robots":{"index":"index","follow":"follow","max-snippet":"max-snippet:-1","max-image-preview":"max-image-preview:large","max-video-preview":"max-video-preview:-1"},"canonical":"https:\/\/hannaik.com\/es\/contactos\/","og_locale":"es_ES","og_type":"article","og_title":"HANNAIK &#8226; Cont\u00e1ctenos. Estamos disponibles 24\/7","og_description":"En HANNAIK encontrar\u00e1s un equipo t\u00e9cnico dispuesto a ayudarte. Cont\u00e1ctenos por correo electr\u00f3nico, sitio web, redes sociales o tel\u00e9fono","og_url":"https:\/\/hannaik.com\/es\/contactos\/","og_site_name":"HANNAIK | Energy and Water Solutions","article_publisher":"https:\/\/www.facebook.com\/hannaikenergy\/","article_modified_time":"2022-12-22T16:38:24+00:00","og_image":[{"url":"https:\/\/hannaik.com\/wp-content\/uploads\/2018\/06\/web_hannaik1-min-1024x692.jpg","type":"","width":"","height":""}],"twitter_card":"summary_large_image","twitter_misc":{"Tiempo de lectura":"1 minuto"},"schema":{"@context":"https:\/\/schema.org","@graph":[{"@type":"WebPage","@id":"https:\/\/hannaik.com\/es\/contactos\/","url":"https:\/\/hannaik.com\/es\/contactos\/","name":"HANNAIK &#8226; Cont\u00e1ctenos. Estamos disponibles 24\/7","isPartOf":{"@id":"https:\/\/hannaik.com\/#website"},"primaryImageOfPage":{"@id":"https:\/\/hannaik.com\/es\/contactos\/#primaryimage"},"image":{"@id":"https:\/\/hannaik.com\/es\/contactos\/#primaryimage"},"thumbnailUrl":"https:\/\/hannaik.com\/wp-content\/uploads\/2018\/06\/web_hannaik1-min-1024x692.jpg","datePublished":"2017-09-19T10:36:11+00:00","dateModified":"2022-12-22T16:38:24+00:00","description":"En HANNAIK encontrar\u00e1s un equipo t\u00e9cnico dispuesto a ayudarte. Cont\u00e1ctenos por correo electr\u00f3nico, sitio web, redes sociales o tel\u00e9fono","breadcrumb":{"@id":"https:\/\/hannaik.com\/es\/contactos\/#breadcrumb"},"inLanguage":"es","potentialAction":[{"@type":"ReadAction","target":["https:\/\/hannaik.com\/es\/contactos\/"]}]},{"@type":"ImageObject","inLanguage":"es","@id":"https:\/\/hannaik.com\/es\/contactos\/#primaryimage","url":"https:\/\/hannaik.com\/wp-content\/uploads\/2018\/06\/web_hannaik1-min-1024x692.jpg","contentUrl":"https:\/\/hannaik.com\/wp-content\/uploads\/2018\/06\/web_hannaik1-min-1024x692.jpg"},{"@type":"BreadcrumbList","@id":"https:\/\/hannaik.com\/es\/contactos\/#breadcrumb","itemListElement":[{"@type":"ListItem","position":1,"name":"Home","item":"https:\/\/hannaik.com\/es\/"},{"@type":"ListItem","position":2,"name":"Contactos"}]},{"@type":"WebSite","@id":"https:\/\/hannaik.com\/#website","url":"https:\/\/hannaik.com\/","name":"Hannaik Gensets","description":"Fabricante nacional de soluciones de agua y energ\u00eda","publisher":{"@id":"https:\/\/hannaik.com\/#organization"},"potentialAction":[{"@type":"SearchAction","target":{"@type":"EntryPoint","urlTemplate":"https:\/\/hannaik.com\/?s={search_term_string}"},"query-input":{"@type":"PropertyValueSpecification","valueRequired":true,"valueName":"search_term_string"}}],"inLanguage":"es"},{"@type":"Organization","@id":"https:\/\/hannaik.com\/#organization","name":"HANNAIK","url":"https:\/\/hannaik.com\/","logo":{"@type":"ImageObject","inLanguage":"es","@id":"https:\/\/hannaik.com\/#\/schema\/logo\/image\/","url":"https:\/\/hannaik.com\/wp-content\/uploads\/2018\/03\/Hannaik3.png","contentUrl":"https:\/\/hannaik.com\/wp-content\/uploads\/2018\/03\/Hannaik3.png","width":"278","height":"223","caption":"HANNAIK"},"image":{"@id":"https:\/\/hannaik.com\/#\/schema\/logo\/image\/"},"sameAs":["https:\/\/www.facebook.com\/hannaikenergy\/","https:\/\/www.instagram.com\/hannaik_solutions\/","https:\/\/www.linkedin.com\/company-beta\/15194419","https:\/\/www.youtube.com\/channel\/UCQt234x994onwwmTd-K6U-A"]}]}},"_links":{"self":[{"href":"https:\/\/hannaik.com\/es\/wp-json\/wp\/v2\/pages\/1420","targetHints":{"allow":["GET"]}}],"collection":[{"href":"https:\/\/hannaik.com\/es\/wp-json\/wp\/v2\/pages"}],"about":[{"href":"https:\/\/hannaik.com\/es\/wp-json\/wp\/v2\/types\/page"}],"author":[{"embeddable":true,"href":"https:\/\/hannaik.com\/es\/wp-json\/wp\/v2\/users\/2"}],"replies":[{"embeddable":true,"href":"https:\/\/hannaik.com\/es\/wp-json\/wp\/v2\/comments?post=1420"}],"version-history":[{"count":20,"href":"https:\/\/hannaik.com\/es\/wp-json\/wp\/v2\/pages\/1420\/revisions"}],"predecessor-version":[{"id":28748,"href":"https:\/\/hannaik.com\/es\/wp-json\/wp\/v2\/pages\/1420\/revisions\/28748"}],"wp:attachment":[{"href":"https:\/\/hannaik.com\/es\/wp-json\/wp\/v2\/media?parent=1420"}],"curies":[{"name":"wp","href":"https:\/\/api.w.org\/{rel}","templated":true}]}}