{"id":1430,"date":"2017-09-20T17:13:56","date_gmt":"2017-09-20T17:13:56","guid":{"rendered":"https:\/\/hannaik.com\/mapa-do-site\/"},"modified":"2017-10-10T15:43:22","modified_gmt":"2017-10-10T15:43:22","slug":"mapa-do-site","status":"publish","type":"page","link":"https:\/\/hannaik.com\/es\/mapa-do-site\/","title":{"rendered":"Mapa del Sitio"},"content":{"rendered":"<p><div class=\"wsp-container\"><h2 class=\"wsp-pages-title\">P\u00e1ginas<\/h2>\n<ul class=\"wsp-pages-list\">\n<li class=\"page_item page-item-1427\"><a href=\"https:\/\/hannaik.com\/es\/login\/\">\u00c1rea Restringida<\/a><\/li>\n<li class=\"page_item page-item-2441\"><a href=\"https:\/\/hannaik.com\/es\/areas-de-atuacao\/\">\u00c1reas de actuaci\u00f3n<\/a><\/li>\n<li class=\"page_item page-item-15604\"><a href=\"https:\/\/hannaik.com\/es\/certificaciones\/\">Certificaciones<\/a><\/li>\n<li class=\"page_item page-item-11522\"><a href=\"https:\/\/hannaik.com\/es\/elementor-11522\/\">confirmaci\u00f3n de env\u00edo de formulario<\/a><\/li>\n<li class=\"page_item page-item-1420\"><a href=\"https:\/\/hannaik.com\/es\/contactos\/\">Contactos<\/a><\/li>\n<li class=\"page_item page-item-1374\"><a href=\"https:\/\/hannaik.com\/es\/descargas\/\">Downloads<\/a><\/li>\n<li class=\"page_item page-item-1042\"><a href=\"https:\/\/hannaik.com\/es\/hannaik\/\">HANNAIK<\/a><\/li>\n<li class=\"page_item page-item-851\"><a href=\"https:\/\/hannaik.com\/es\/\">In\u00edcio<\/a><\/li>\n<li class=\"page_item page-item-1430\"><a href=\"https:\/\/hannaik.com\/es\/mapa-do-site\/\">Mapa del Sitio<\/a><\/li>\n<li class=\"page_item page-item-1410\"><a href=\"https:\/\/hannaik.com\/es\/media\/\">Media<\/a><\/li>\n<li class=\"page_item page-item-6548\"><a href=\"https:\/\/hannaik.com\/es\/newsletter\/\">Newsletter<\/a><\/li>\n<li class=\"page_item page-item-1414 page_item_has_children current_page_parent\"><a href=\"https:\/\/hannaik.com\/es\/noticias\/\">Not\u00edcias<\/a>\n<ul class='children'>\n\t<li class=\"page_item page-item-1417\"><a href=\"https:\/\/hannaik.com\/es\/noticias\/mais-noticias\/\">Mais Not\u00edcias<\/a><\/li>\n<\/ul>\n<\/li>\n<li class=\"page_item page-item-18340\"><a href=\"https:\/\/hannaik.com\/es\/pedido-contacto-cargadores\/\">Pedido de Contacto Cargadores<\/a><\/li>\n<li class=\"page_item page-item-1433\"><a href=\"https:\/\/hannaik.com\/es\/pedir-orcamento\/\">Pedir Presupuesto<\/a><\/li>\n<li class=\"page_item page-item-1380\"><a href=\"https:\/\/hannaik.com\/es\/politica-de-calidad\/\">Pol\u00edtica de Calidad<\/a><\/li>\n<li class=\"page_item page-item-1439\"><a href=\"https:\/\/hannaik.com\/es\/politica-de-privacidad\/\">Pol\u00edtica de Privacidad<\/a><\/li>\n<li class=\"page_item page-item-1368\"><a href=\"https:\/\/hannaik.com\/es\/produtos\/\">Productos<\/a><\/li>\n<li class=\"page_item page-item-1404\"><a href=\"https:\/\/hannaik.com\/es\/proyectos\/\">Proyectos<\/a><\/li>\n<li class=\"page_item page-item-1445\"><a href=\"https:\/\/hannaik.com\/es\/reclutamiento\/\">Reclutamiento<\/a><\/li>\n<li class=\"page_item page-item-1451\"><a href=\"https:\/\/hannaik.com\/es\/seja-nosso-revendedor\/\">Sea Nuestro Distribuidor<\/a><\/li>\n<li class=\"page_item page-item-1398\"><a href=\"https:\/\/hannaik.com\/es\/servicios\/\">Servicios<\/a><\/li>\n<li class=\"page_item page-item-10139\"><a href=\"https:\/\/hannaik.com\/es\/solicitar-orcamento-2-2\/\">Solicitar or\u00e7amento &#8211; Confirma\u00e7\u00e3o<\/a><\/li>\n<li class=\"page_item page-item-11515\"><a href=\"https:\/\/hannaik.com\/es\/solicite-un-presupuesto\/\">Solicite un presupuesto (generadores)<\/a><\/li>\n<li class=\"page_item page-item-13014\"><a href=\"https:\/\/hannaik.com\/es\/presupuesto-motobombas\/\">Solicite un presupuesto motobombas<\/a><\/li>\n<li class=\"page_item page-item-11502\"><a href=\"https:\/\/hannaik.com\/es\/elementor-11502\/\">Solicite un presupuesto sin compromiso<\/a><\/li>\n<li class=\"page_item page-item-14114\"><a href=\"https:\/\/hannaik.com\/es\/movilidad-electrica\/\">Solicite una cotizaci\u00f3n de cargadores<\/a><\/li>\n<li class=\"page_item page-item-1392\"><a href=\"https:\/\/hannaik.com\/es\/sustentabilidade\/\">Sostenibilidad<\/a><\/li>\n<li class=\"page_item page-item-1458\"><a href=\"https:\/\/hannaik.com\/es\/termos-e-condicoes\/\">T\u00e9rminos y Condiciones<\/a><\/li>\n<li class=\"page_item page-item-2453\"><a href=\"https:\/\/hannaik.com\/es\/testimonios\/\">Testimonios<\/a><\/li>\n<li class=\"page_item page-item-1467 page_item_has_children\"><a href=\"https:\/\/hannaik.com\/es\/customer-area\/\">\u00c1rea Reservada<\/a>\n<ul class='children'>\n\t<li class=\"page_item page-item-1477\"><a href=\"https:\/\/hannaik.com\/es\/customer-area\/painel\/\">Tablero<\/a><\/li>\n\t<li class=\"page_item page-item-1483 page_item_has_children\"><a href=\"https:\/\/hannaik.com\/es\/customer-area\/ficheiro\/\">Archivos<\/a>\n\t<ul class='children'>\n\t\t<li class=\"page_item page-item-1489\"><a href=\"https:\/\/hannaik.com\/es\/customer-area\/ficheiro\/meus-ficheiros\/\">Mis Archivos<\/a><\/li>\n\t<\/ul>\n<\/li>\n\t<li class=\"page_item page-item-1494 page_item_has_children\"><a href=\"https:\/\/hannaik.com\/es\/customer-area\/paginas\/\">P\u00e1ginas<\/a>\n\t<ul class='children'>\n\t\t<li class=\"page_item page-item-1498\"><a href=\"https:\/\/hannaik.com\/es\/customer-area\/paginas\/my-pages\/\">My pages<\/a><\/li>\n\t<\/ul>\n<\/li>\n\t<li class=\"page_item page-item-1501 page_item_has_children\"><a href=\"https:\/\/hannaik.com\/es\/customer-area\/minha-conta\/\">Mi Cuenta<\/a>\n\t<ul class='children'>\n\t\t<li class=\"page_item page-item-1507\"><a href=\"https:\/\/hannaik.com\/es\/customer-area\/minha-conta\/detalhes-da-conta\/\">Detalles de la Cuenta<\/a><\/li>\n\t\t<li class=\"page_item page-item-1513\"><a href=\"https:\/\/hannaik.com\/es\/customer-area\/minha-conta\/editar-conta\/\">Editar Cuenta<\/a><\/li>\n\t\t<li class=\"page_item page-item-1516\"><a href=\"https:\/\/hannaik.com\/es\/customer-area\/minha-conta\/terminar-sessao\/\">Cerrar Sesi\u00f3n<\/a><\/li>\n\t<\/ul>\n<\/li>\n<\/ul>\n<\/li>\n<\/ul>\n<\/div><div class=\"wsp-container\"><h2 class=\"wsp-services-title\">Servi\u00e7os<\/h2>\n<ul class=\"wsp-services-list\">\n<li><a href=\"https:\/\/hannaik.com\/es\/service\/ejecucion-de-proyectos\/\">Ejecuci\u00f3n de Proyectos<\/a><\/li>\n<li><a href=\"https:\/\/hannaik.com\/es\/service\/instalacao-e-montagem\/\">Instalaci\u00f3n y montaje<\/a><\/li>\n<li><a href=\"https:\/\/hannaik.com\/es\/service\/contratos-de-mantenimiento\/\">Contratos de mantenimiento<\/a><\/li>\n<li><a href=\"https:\/\/hannaik.com\/es\/service\/asistencia-y-garantia\/\">Asistencia y garant\u00eda<\/a><\/li>\n<li><a href=\"https:\/\/hannaik.com\/es\/service\/formacion\/\">Formaci\u00f3n<\/a><\/li>\n<li><a href=\"https:\/\/hannaik.com\/es\/service\/piezas-y-componentes\/\">Piezas y componentes<\/a><\/li>\n<\/ul>\n<\/div><div class=\"wsp-container\"><h2 class=\"wsp-projects-title\">Projetos<\/h2>\n<ul class=\"wsp-projects-list\">\n<li><a href=\"https:\/\/hannaik.com\/es\/project\/hannaik-ha-desarrollado-un-generador-de-energia-de-44kva-para-un-hogar-de-ancianos-en-portugal\/\">HANNAIK ha desarrollado un generador de energ\u00eda de 44kVA para un hogar de ancianos en Portugal<\/a><\/li>\n<li><a href=\"https:\/\/hannaik.com\/es\/project\/hannaik-suministro-un-generador-adicional-de-83kva-1500rpm-50hz-400v-a-un-aviario-en-portugal\/\">HANNAIK suministr\u00f3 un generador adicional de 83kVA, 1500RPM, 50HZ, 400V a un aviario en Portugal<\/a><\/li>\n<li><a href=\"https:\/\/hannaik.com\/es\/project\/hannaik-suministro-un-generador-de-energia-de-21kva-para-un-camion-con-monitor-movil\/\">HANNAIK suministr\u00f3 un generador de energ\u00eda de 21kVA para un cami\u00f3n con monitor m\u00f3vil<\/a><\/li>\n<li><a href=\"https:\/\/hannaik.com\/es\/project\/generador-de-emergencia-de-8-9-kva\/\">Instalaci\u00f3n de generador de emergencia de 8,9 kVA en Vidago<\/a><\/li>\n<li><a href=\"https:\/\/hannaik.com\/es\/project\/gerador-de-energia-de-33kva-em-angola\/\">Hannaik instala generador de energ\u00eda de 33kVA en Angola<\/a><\/li>\n<li><a href=\"https:\/\/hannaik.com\/es\/project\/dos-generadores-de-energia-en-el-hospital-privado-de-gaia\/\">Hannaik instala dos generadores de energ\u00eda en el Hospital Privado de Gaia<\/a><\/li>\n<li><a href=\"https:\/\/hannaik.com\/es\/project\/gerador-de-277kva-na-panificadora-marques-filipe\/\">Hannaik instala un generador de 277kVA en la panader\u00eda Marques Filipe<\/a><\/li>\n<li><a href=\"https:\/\/hannaik.com\/es\/project\/central-de-emergencia-de-33kva-em-evora\/\">Hannaik instala una planta de emergencia de 33 kVA en \u00c9vora Retail Park<\/a><\/li>\n<li><a href=\"https:\/\/hannaik.com\/es\/project\/generadores-de-160kva-y-220kva-en-matosinhos\/\">Hannaik instala dos generadores de 160kVA y 220kVA en Matosinhos<\/a><\/li>\n<li><a href=\"https:\/\/hannaik.com\/es\/project\/generador-de-275kva-en-lisboa\/\">Hannaik instala un generador de 275kVA en Lisboa<\/a><\/li>\n<li><a href=\"https:\/\/hannaik.com\/es\/project\/central-electrica-de-2200-kva-en-luanda\/\">Hannaik instal\u00f3 una central el\u00e9ctrica de 2200 kVA en Luanda<\/a><\/li>\n<li><a href=\"https:\/\/hannaik.com\/es\/project\/generadores-de-200-y-350kva-en-leroy-merlin-de-braga\/\">Hannaik instal\u00f3 dos generadores de 200 y 350kVA en Leroy Merlin, en Braga<\/a><\/li>\n<li><a href=\"https:\/\/hannaik.com\/es\/project\/gerador-de-200kva-no-arquivo-de-braga\/\">Hannaik instala un generador de energ\u00eda de 200 kVA en el Archivo Braga<\/a><\/li>\n<li><a href=\"https:\/\/hannaik.com\/es\/project\/hannaik-instala-un-generador-de-100kva-en-oeiras\/\">Hannaik instala un generador de 100kVA en los talleres municipales de Oeiras<\/a><\/li>\n<li><a href=\"https:\/\/hannaik.com\/es\/project\/gerador-de-160kva-nas-aguas-do-norte-em-esposende\/\">Instalaci\u00f3n de un generador de 160 KVa en \u00c1guas do Norte en Esposende<\/a><\/li>\n<li><a href=\"https:\/\/hannaik.com\/es\/project\/instalacion-de-generador-de-8-kva-en-restaurante-sabores-do-lima\/\">Instalaci\u00f3n de Generador de 8 kVa en Restaurante Sabores do Lima<\/a><\/li>\n<li><a href=\"https:\/\/hannaik.com\/es\/project\/hannaik-instala-generador-de-300-kva-en-continente-bom-dia-de-alcochete\/\">Hannaik instala generador de 300 kVA en Continente Bom Dia de Alcochete<\/a><\/li>\n<li><a href=\"https:\/\/hannaik.com\/es\/project\/hannaik-instala-generador-de-44kva-en-el-hotel-exe-almada-de-oporto\/\">Hannaik instala generador de 44 KVa en el Hotel EXE Almada de Oporto<\/a><\/li>\n<li><a href=\"https:\/\/hannaik.com\/es\/project\/hannaik-instala-generador-de-1000kva-en-azambuja\/\">Hannaik instal\u00f3 un generador de 1000kVA en la plataforma log\u00edstica de Azambuja<\/a><\/li>\n<li><a href=\"https:\/\/hannaik.com\/es\/project\/planta-de-energia-de-910kva-en-nataxis-porto\/\">Hannaik instala central el\u00e9ctrica de 910 kVA en NATAXIS, en Oporto<\/a><\/li>\n<li><a href=\"https:\/\/hannaik.com\/es\/project\/hannaik-instala-un-generador-de-175kva-en-continente-bom-dia-porto\/\">Hannaik instala generador de 175 KVa en Continente Bom Dia en Oporto<\/a><\/li>\n<li><a href=\"https:\/\/hannaik.com\/es\/project\/instalacao-de-central-92-kva-na-auto-europa\/\">Instalaci\u00f3n de Central 92 kva en Auto Europa<\/a><\/li>\n<\/ul>\n<\/div><div class=\"wsp-container\"><h2 class=\"wsp-products-title\">Produtos<\/h2>\n<ul class=\"wsp-products-list\">\n<li><a href=\"https:\/\/hannaik.com\/es\/product\/torre-de-iluminacion-sin-motor-towerloop\/\">Towerloop<\/a><\/li>\n<li><a href=\"https:\/\/hannaik.com\/es\/product\/torre-de-iluminacion-sin-motor-basetower\/\">BASETOWER<\/a><\/li>\n<li><a href=\"https:\/\/hannaik.com\/es\/product\/torre-de-iluminacion-sin-motor-urano\/\">URANO<\/a><\/li>\n<li><a href=\"https:\/\/hannaik.com\/es\/product\/torre-de-iluminacion-sin-motor-barrow\/\">BARROW<\/a><\/li>\n<li><a href=\"https:\/\/hannaik.com\/es\/product\/mt\/\">MT<\/a><\/li>\n<li><a href=\"https:\/\/hannaik.com\/es\/product\/kt\/\">KT<\/a><\/li>\n<li><a href=\"https:\/\/hannaik.com\/es\/product\/torre-de-iluminacion-a-motor-astrid\/\">ASTRID<\/a><\/li>\n<li><a href=\"https:\/\/hannaik.com\/es\/product\/okapi-2\/\">Okapi<\/a><\/li>\n<li><a href=\"https:\/\/hannaik.com\/es\/product\/torre-de-iluminacion-a-motor-fenix\/\">Fenix<\/a><\/li>\n<li><a href=\"https:\/\/hannaik.com\/es\/product\/torre-de-iluminacion-a-motor-pegaso\/\">Pegaso<\/a><\/li>\n<li><a href=\"https:\/\/hannaik.com\/es\/product\/pc750\/\">PC750<\/a><\/li>\n<li><a href=\"https:\/\/hannaik.com\/es\/product\/torre-de-iluminacion-a-bateria-astrid\/\">ASTRID<\/a><\/li>\n<li><a href=\"https:\/\/hannaik.com\/es\/product\/okapi\/\">OKAPI<\/a><\/li>\n<li><a href=\"https:\/\/hannaik.com\/es\/product\/cargador-rapido-50kw-dc\/\">Cargador R\u00e1pido 50kW DC<\/a><\/li>\n<li><a href=\"https:\/\/hannaik.com\/es\/product\/cargador-rapido-max-150kw-dc\/\">Cargador R\u00e1pido MAX 150kW DC<\/a><\/li>\n<li><a href=\"https:\/\/hannaik.com\/es\/product\/cargador-rapido-evo-150kw-dc\/\">Cargador R\u00e1pido EVO 150kW DC<\/a><\/li>\n<li><a href=\"https:\/\/hannaik.com\/es\/product\/grupos-de-presion-con-variacion-de-velocidad\/\">Grupos de presi\u00f3n con variaci\u00f3n de velocidad<\/a><\/li>\n<li><a href=\"https:\/\/hannaik.com\/es\/product\/grupos-de-presion-sin-variacion-de-velocidad-del-eje-horizontal\/\">Grupos de presi\u00f3n sin variaci\u00f3n de velocidad del eje horizontal<\/a><\/li>\n<li><a href=\"https:\/\/hannaik.com\/es\/product\/grupos-de-presion-sin-variacion-de-velocidad-del-eje-vertical\/\">Grupos de presi\u00f3n sin variaci\u00f3n de velocidad del eje vertical<\/a><\/li>\n<\/ul>\n<\/div><\/p>\n","protected":false},"excerpt":{"rendered":"","protected":false},"author":2,"featured_media":0,"parent":0,"menu_order":0,"comment_status":"closed","ping_status":"closed","template":"sitemap.php","meta":{"footnotes":""},"class_list":["post-1430","page","type-page","status-publish","hentry"],"acf":[],"yoast_head":"<!-- This site is optimized with the Yoast SEO plugin v27.1.1 - https:\/\/yoast.com\/product\/yoast-seo-wordpress\/ -->\n<title>Mapa del Sitio &#8226; HANNAIK | Energy and Water Solutions<\/title>\n<meta name=\"robots\" content=\"index, follow, max-snippet:-1, max-image-preview:large, max-video-preview:-1\" \/>\n<link rel=\"canonical\" href=\"https:\/\/hannaik.com\/es\/mapa-do-site\/\" \/>\n<meta property=\"og:locale\" content=\"es_ES\" \/>\n<meta property=\"og:type\" content=\"article\" \/>\n<meta property=\"og:title\" content=\"Mapa del Sitio &#8226; HANNAIK | Energy and Water Solutions\" \/>\n<meta property=\"og:url\" content=\"https:\/\/hannaik.com\/es\/mapa-do-site\/\" \/>\n<meta property=\"og:site_name\" content=\"HANNAIK | Energy and Water Solutions\" \/>\n<meta property=\"article:publisher\" content=\"https:\/\/www.facebook.com\/hannaikenergy\/\" \/>\n<meta property=\"article:modified_time\" content=\"2017-10-10T15:43:22+00:00\" \/>\n<meta property=\"og:image\" content=\"https:\/\/hannaik.com\/wp-content\/uploads\/2017\/12\/HANNAIK.png\" \/>\n\t<meta property=\"og:image:width\" content=\"1200\" \/>\n\t<meta property=\"og:image:height\" content=\"600\" \/>\n\t<meta property=\"og:image:type\" content=\"image\/png\" \/>\n<meta name=\"twitter:card\" content=\"summary_large_image\" \/>\n<script type=\"application\/ld+json\" class=\"yoast-schema-graph\">{\"@context\":\"https:\/\/schema.org\",\"@graph\":[{\"@type\":\"WebPage\",\"@id\":\"https:\/\/hannaik.com\/es\/mapa-do-site\/\",\"url\":\"https:\/\/hannaik.com\/es\/mapa-do-site\/\",\"name\":\"Mapa del Sitio &#8226; HANNAIK | Energy and Water Solutions\",\"isPartOf\":{\"@id\":\"https:\/\/hannaik.com\/#website\"},\"datePublished\":\"2017-09-20T17:13:56+00:00\",\"dateModified\":\"2017-10-10T15:43:22+00:00\",\"breadcrumb\":{\"@id\":\"https:\/\/hannaik.com\/es\/mapa-do-site\/#breadcrumb\"},\"inLanguage\":\"es\",\"potentialAction\":[{\"@type\":\"ReadAction\",\"target\":[\"https:\/\/hannaik.com\/es\/mapa-do-site\/\"]}]},{\"@type\":\"BreadcrumbList\",\"@id\":\"https:\/\/hannaik.com\/es\/mapa-do-site\/#breadcrumb\",\"itemListElement\":[{\"@type\":\"ListItem\",\"position\":1,\"name\":\"Home\",\"item\":\"https:\/\/hannaik.com\/es\/\"},{\"@type\":\"ListItem\",\"position\":2,\"name\":\"Mapa del Sitio\"}]},{\"@type\":\"WebSite\",\"@id\":\"https:\/\/hannaik.com\/#website\",\"url\":\"https:\/\/hannaik.com\/\",\"name\":\"Hannaik Gensets\",\"description\":\"Fabricante nacional de soluciones de agua y energ\u00eda\",\"publisher\":{\"@id\":\"https:\/\/hannaik.com\/#organization\"},\"potentialAction\":[{\"@type\":\"SearchAction\",\"target\":{\"@type\":\"EntryPoint\",\"urlTemplate\":\"https:\/\/hannaik.com\/?s={search_term_string}\"},\"query-input\":{\"@type\":\"PropertyValueSpecification\",\"valueRequired\":true,\"valueName\":\"search_term_string\"}}],\"inLanguage\":\"es\"},{\"@type\":\"Organization\",\"@id\":\"https:\/\/hannaik.com\/#organization\",\"name\":\"HANNAIK\",\"url\":\"https:\/\/hannaik.com\/\",\"logo\":{\"@type\":\"ImageObject\",\"inLanguage\":\"es\",\"@id\":\"https:\/\/hannaik.com\/#\/schema\/logo\/image\/\",\"url\":\"https:\/\/hannaik.com\/wp-content\/uploads\/2018\/03\/Hannaik3.png\",\"contentUrl\":\"https:\/\/hannaik.com\/wp-content\/uploads\/2018\/03\/Hannaik3.png\",\"width\":\"278\",\"height\":\"223\",\"caption\":\"HANNAIK\"},\"image\":{\"@id\":\"https:\/\/hannaik.com\/#\/schema\/logo\/image\/\"},\"sameAs\":[\"https:\/\/www.facebook.com\/hannaikenergy\/\",\"https:\/\/www.instagram.com\/hannaik_solutions\/\",\"https:\/\/www.linkedin.com\/company-beta\/15194419\",\"https:\/\/www.youtube.com\/channel\/UCQt234x994onwwmTd-K6U-A\"]}]}<\/script>\n<!-- \/ Yoast SEO plugin. -->","yoast_head_json":{"title":"Mapa del Sitio &#8226; HANNAIK | Energy and Water Solutions","robots":{"index":"index","follow":"follow","max-snippet":"max-snippet:-1","max-image-preview":"max-image-preview:large","max-video-preview":"max-video-preview:-1"},"canonical":"https:\/\/hannaik.com\/es\/mapa-do-site\/","og_locale":"es_ES","og_type":"article","og_title":"Mapa del Sitio &#8226; HANNAIK | Energy and Water Solutions","og_url":"https:\/\/hannaik.com\/es\/mapa-do-site\/","og_site_name":"HANNAIK | Energy and Water Solutions","article_publisher":"https:\/\/www.facebook.com\/hannaikenergy\/","article_modified_time":"2017-10-10T15:43:22+00:00","og_image":[{"width":1200,"height":600,"url":"https:\/\/hannaik.com\/wp-content\/uploads\/2017\/12\/HANNAIK.png","type":"image\/png"}],"twitter_card":"summary_large_image","schema":{"@context":"https:\/\/schema.org","@graph":[{"@type":"WebPage","@id":"https:\/\/hannaik.com\/es\/mapa-do-site\/","url":"https:\/\/hannaik.com\/es\/mapa-do-site\/","name":"Mapa del Sitio &#8226; HANNAIK | Energy and Water Solutions","isPartOf":{"@id":"https:\/\/hannaik.com\/#website"},"datePublished":"2017-09-20T17:13:56+00:00","dateModified":"2017-10-10T15:43:22+00:00","breadcrumb":{"@id":"https:\/\/hannaik.com\/es\/mapa-do-site\/#breadcrumb"},"inLanguage":"es","potentialAction":[{"@type":"ReadAction","target":["https:\/\/hannaik.com\/es\/mapa-do-site\/"]}]},{"@type":"BreadcrumbList","@id":"https:\/\/hannaik.com\/es\/mapa-do-site\/#breadcrumb","itemListElement":[{"@type":"ListItem","position":1,"name":"Home","item":"https:\/\/hannaik.com\/es\/"},{"@type":"ListItem","position":2,"name":"Mapa del Sitio"}]},{"@type":"WebSite","@id":"https:\/\/hannaik.com\/#website","url":"https:\/\/hannaik.com\/","name":"Hannaik Gensets","description":"Fabricante nacional de soluciones de agua y energ\u00eda","publisher":{"@id":"https:\/\/hannaik.com\/#organization"},"potentialAction":[{"@type":"SearchAction","target":{"@type":"EntryPoint","urlTemplate":"https:\/\/hannaik.com\/?s={search_term_string}"},"query-input":{"@type":"PropertyValueSpecification","valueRequired":true,"valueName":"search_term_string"}}],"inLanguage":"es"},{"@type":"Organization","@id":"https:\/\/hannaik.com\/#organization","name":"HANNAIK","url":"https:\/\/hannaik.com\/","logo":{"@type":"ImageObject","inLanguage":"es","@id":"https:\/\/hannaik.com\/#\/schema\/logo\/image\/","url":"https:\/\/hannaik.com\/wp-content\/uploads\/2018\/03\/Hannaik3.png","contentUrl":"https:\/\/hannaik.com\/wp-content\/uploads\/2018\/03\/Hannaik3.png","width":"278","height":"223","caption":"HANNAIK"},"image":{"@id":"https:\/\/hannaik.com\/#\/schema\/logo\/image\/"},"sameAs":["https:\/\/www.facebook.com\/hannaikenergy\/","https:\/\/www.instagram.com\/hannaik_solutions\/","https:\/\/www.linkedin.com\/company-beta\/15194419","https:\/\/www.youtube.com\/channel\/UCQt234x994onwwmTd-K6U-A"]}]}},"_links":{"self":[{"href":"https:\/\/hannaik.com\/es\/wp-json\/wp\/v2\/pages\/1430","targetHints":{"allow":["GET"]}}],"collection":[{"href":"https:\/\/hannaik.com\/es\/wp-json\/wp\/v2\/pages"}],"about":[{"href":"https:\/\/hannaik.com\/es\/wp-json\/wp\/v2\/types\/page"}],"author":[{"embeddable":true,"href":"https:\/\/hannaik.com\/es\/wp-json\/wp\/v2\/users\/2"}],"replies":[{"embeddable":true,"href":"https:\/\/hannaik.com\/es\/wp-json\/wp\/v2\/comments?post=1430"}],"version-history":[{"count":1,"href":"https:\/\/hannaik.com\/es\/wp-json\/wp\/v2\/pages\/1430\/revisions"}],"predecessor-version":[{"id":1464,"href":"https:\/\/hannaik.com\/es\/wp-json\/wp\/v2\/pages\/1430\/revisions\/1464"}],"wp:attachment":[{"href":"https:\/\/hannaik.com\/es\/wp-json\/wp\/v2\/media?parent=1430"}],"curies":[{"name":"wp","href":"https:\/\/api.w.org\/{rel}","templated":true}]}}