{"id":1439,"date":"2017-09-20T17:14:24","date_gmt":"2017-09-20T17:14:24","guid":{"rendered":"https:\/\/hannaik.com\/politica-de-privacidade\/"},"modified":"2020-11-20T18:18:48","modified_gmt":"2020-11-20T18:18:48","slug":"politica-de-privacidad","status":"publish","type":"page","link":"https:\/\/hannaik.com\/es\/politica-de-privacidad\/","title":{"rendered":"Pol\u00edtica de Privacidad"},"content":{"rendered":"<h6>Pol\u00edtica de Privacidad<\/h6>\n<p>Toda su informaci\u00f3n personal recogida, se utilizar\u00e1 para ayudar a que su visita en nuestra p\u00e1gina web sea lo m\u00e1s productiva y agradable posible.<br \/>\nLa garant\u00eda de la confidencialidad de los datos personales de los usuarios de nuestra p\u00e1gina web es importante para HANNAIK .<br \/>\nToda la informaci\u00f3n personal relativa a miembros, suscriptores, clientes o visitantes que usen Hannaik ser\u00e1 tratada de acuerdo con la Ley de Protecci\u00f3n de Datos Personales de 26 de octubre de 1998 (Ley n.\u00ba 67\/98).<\/p>\n<p>La informaci\u00f3n personal recogida puede incluir su nombre, correo electr\u00f3nico, n\u00famero de tel\u00e9fono y\/o m\u00f3vil, direcci\u00f3n, fecha de nacimiento y\/u otros.<\/p>\n<p>El uso de HANNAIK supon ela aceptaci\u00f3n de este Acuerdo de privacidad. El equipo de HANNAIK se reserva el derecho de cambiar este acuerdo sin previo aviso. As\u00ed, recomendamos que consulte nuestra pol\u00edtica de privacidad con regularidad para estar siempre actualizado.<\/p>\n<p>&nbsp;<\/p>\n<h6>Los Anuncios<\/h6>\n<p>Como otras p\u00e1ginas web, recogemos y usamos informaci\u00f3n contenida en los anuncios. La informaci\u00f3n contenida en los anuncios, incluye su direcci\u00f3n IP (Internet Protocol), su ISP (Internet Service Provider, como NOS, MEO u otro), el navegador que utiliz\u00f3 al visitar nuestra p\u00e1gina web (como Internet Explorer o Firefox), el tiempo de su visita y que p\u00e1ginas visit\u00f3 en nuestra p\u00e1gina web.<\/p>\n<p>&nbsp;<\/p>\n<h6>Cookies y Web Beacons<\/h6>\n<p>Usamos cookies para almacenar informaci\u00f3n, tales como, sus preferencias personales cuando visita nuestra p\u00e1gina web. Esto puede incluir una simple ventana emergente, o una conexi\u00f3n en los varios servicios que proporcionamos, tales como, foros.<\/p>\n<p>Adem\u00e1s, tambi\u00e9n usamos publicidad de terceros en nuestra p\u00e1gina web para soportar los costos de mantenimiento. Algunos de estos anunciantes, pueden utilizar tecnolog\u00edas como cookies y\/o web beacons cuando publicita nen nuestra p\u00e1gina web, lo que har\u00e1 que estos anunciantes (como Google atrav\u00e9s de Google Ad Sense) tambi\u00e9n reciban su informaci\u00f3n personal, como direcci\u00f3n de IP, su ISP, su navegador, etc. Esta funci\u00f3nes generalmente utilizada para geotargeting (mostrar publicidad de Lisboa solo a los lectores de Lisboa por ej.) o presentar publicidad direccionada a un tipo de usuario (como mostrar publicidad de restaurantes a un usuario que visita p\u00e1ginas web de cocina con regularidad, por ej.).<\/p>\n<p>Usted tiene el poder de desactivar sus cookies, en las opciones de su navegador, o hacien do cambios en las herramientas de programas Anti-Virus, como el Norton Internet Security. Sin embargo, esto puede cambiar la forma como se relaci\u00f3na con nuestra p\u00e1gina web u otras p\u00e1ginas web. Esto puede afectar o no permitir que inicie sesiones en programas, p\u00e1ginas webs o foros de nuestra y de otras redes.<\/p>\n<p>&nbsp;<\/p>\n<h6>Enlaces a otras p\u00e1ginas Web<\/h6>\n<p>HANNAIK tiene enlaces para otras p\u00e1ginas web que, en nuestra opini\u00f3n, pueden contener informaci\u00f3n \/ herramientas \u00fatiles para nuestros visitantes. Nuestra pol\u00edtica de privacidad no se aplica a p\u00e1ginas web de terceros, por eso, si visitar otra p\u00e1gina web a partir de nuestra debe leer la pol\u00edtica de privacidad.<\/p>\n<p>No somos responsables por la pol\u00edtica de privacidad o contenido presente en estas p\u00e1ginas webs.<\/p>\n","protected":false},"excerpt":{"rendered":"<p>Pol\u00edtica de Privacidad Toda su informaci\u00f3n personal recogida, se utilizar\u00e1 para ayudar a que su visita en nuestra p\u00e1gina web sea lo m\u00e1s productiva y agradable posible. La garant\u00eda de la confidencialidad de los datos personales de los usuarios de nuestra p\u00e1gina web es importante para HANNAIK . Toda la informaci\u00f3n personal relativa a miembros, [&hellip;]<\/p>\n","protected":false},"author":2,"featured_media":0,"parent":0,"menu_order":0,"comment_status":"closed","ping_status":"closed","template":"privacy-policy.php","meta":{"footnotes":""},"class_list":["post-1439","page","type-page","status-publish","hentry"],"acf":[],"yoast_head":"<!-- This site is optimized with the Yoast SEO plugin v27.1.1 - https:\/\/yoast.com\/product\/yoast-seo-wordpress\/ -->\n<title>Pol\u00edtica de Privacidad &#8226; HANNAIK | Energy and Water Solutions<\/title>\n<meta name=\"robots\" content=\"index, follow, max-snippet:-1, max-image-preview:large, max-video-preview:-1\" \/>\n<link rel=\"canonical\" href=\"https:\/\/hannaik.com\/es\/politica-de-privacidad\/\" \/>\n<meta property=\"og:locale\" content=\"es_ES\" \/>\n<meta property=\"og:type\" content=\"article\" \/>\n<meta property=\"og:title\" content=\"Pol\u00edtica de Privacidad &#8226; HANNAIK | Energy and Water Solutions\" \/>\n<meta property=\"og:description\" content=\"Pol\u00edtica de Privacidad Toda su informaci\u00f3n personal recogida, se utilizar\u00e1 para ayudar a que su visita en nuestra p\u00e1gina web sea lo m\u00e1s productiva y agradable posible. La garant\u00eda de la confidencialidad de los datos personales de los usuarios de nuestra p\u00e1gina web es importante para HANNAIK . Toda la informaci\u00f3n personal relativa a miembros, [&hellip;]\" \/>\n<meta property=\"og:url\" content=\"https:\/\/hannaik.com\/es\/politica-de-privacidad\/\" \/>\n<meta property=\"og:site_name\" content=\"HANNAIK | Energy and Water Solutions\" \/>\n<meta property=\"article:publisher\" content=\"https:\/\/www.facebook.com\/hannaikenergy\/\" \/>\n<meta property=\"article:modified_time\" content=\"2020-11-20T18:18:48+00:00\" \/>\n<meta property=\"og:image\" content=\"https:\/\/hannaik.com\/wp-content\/uploads\/2017\/12\/HANNAIK.png\" \/>\n\t<meta property=\"og:image:width\" content=\"1200\" \/>\n\t<meta property=\"og:image:height\" content=\"600\" \/>\n\t<meta property=\"og:image:type\" content=\"image\/png\" \/>\n<meta name=\"twitter:card\" content=\"summary_large_image\" \/>\n<meta name=\"twitter:label1\" content=\"Tiempo de lectura\" \/>\n\t<meta name=\"twitter:data1\" content=\"3 minutos\" \/>\n<script type=\"application\/ld+json\" class=\"yoast-schema-graph\">{\"@context\":\"https:\/\/schema.org\",\"@graph\":[{\"@type\":\"WebPage\",\"@id\":\"https:\/\/hannaik.com\/es\/politica-de-privacidad\/\",\"url\":\"https:\/\/hannaik.com\/es\/politica-de-privacidad\/\",\"name\":\"Pol\u00edtica de Privacidad &#8226; HANNAIK | Energy and Water Solutions\",\"isPartOf\":{\"@id\":\"https:\/\/hannaik.com\/#website\"},\"datePublished\":\"2017-09-20T17:14:24+00:00\",\"dateModified\":\"2020-11-20T18:18:48+00:00\",\"breadcrumb\":{\"@id\":\"https:\/\/hannaik.com\/es\/politica-de-privacidad\/#breadcrumb\"},\"inLanguage\":\"es\",\"potentialAction\":[{\"@type\":\"ReadAction\",\"target\":[\"https:\/\/hannaik.com\/es\/politica-de-privacidad\/\"]}]},{\"@type\":\"BreadcrumbList\",\"@id\":\"https:\/\/hannaik.com\/es\/politica-de-privacidad\/#breadcrumb\",\"itemListElement\":[{\"@type\":\"ListItem\",\"position\":1,\"name\":\"Home\",\"item\":\"https:\/\/hannaik.com\/es\/\"},{\"@type\":\"ListItem\",\"position\":2,\"name\":\"Pol\u00edtica de Privacidad\"}]},{\"@type\":\"WebSite\",\"@id\":\"https:\/\/hannaik.com\/#website\",\"url\":\"https:\/\/hannaik.com\/\",\"name\":\"Hannaik Gensets\",\"description\":\"Fabricante nacional de soluciones de agua y energ\u00eda\",\"publisher\":{\"@id\":\"https:\/\/hannaik.com\/#organization\"},\"potentialAction\":[{\"@type\":\"SearchAction\",\"target\":{\"@type\":\"EntryPoint\",\"urlTemplate\":\"https:\/\/hannaik.com\/?s={search_term_string}\"},\"query-input\":{\"@type\":\"PropertyValueSpecification\",\"valueRequired\":true,\"valueName\":\"search_term_string\"}}],\"inLanguage\":\"es\"},{\"@type\":\"Organization\",\"@id\":\"https:\/\/hannaik.com\/#organization\",\"name\":\"HANNAIK\",\"url\":\"https:\/\/hannaik.com\/\",\"logo\":{\"@type\":\"ImageObject\",\"inLanguage\":\"es\",\"@id\":\"https:\/\/hannaik.com\/#\/schema\/logo\/image\/\",\"url\":\"https:\/\/hannaik.com\/wp-content\/uploads\/2018\/03\/Hannaik3.png\",\"contentUrl\":\"https:\/\/hannaik.com\/wp-content\/uploads\/2018\/03\/Hannaik3.png\",\"width\":\"278\",\"height\":\"223\",\"caption\":\"HANNAIK\"},\"image\":{\"@id\":\"https:\/\/hannaik.com\/#\/schema\/logo\/image\/\"},\"sameAs\":[\"https:\/\/www.facebook.com\/hannaikenergy\/\",\"https:\/\/www.instagram.com\/hannaik_solutions\/\",\"https:\/\/www.linkedin.com\/company-beta\/15194419\",\"https:\/\/www.youtube.com\/channel\/UCQt234x994onwwmTd-K6U-A\"]}]}<\/script>\n<!-- \/ Yoast SEO plugin. -->","yoast_head_json":{"title":"Pol\u00edtica de Privacidad &#8226; HANNAIK | Energy and Water Solutions","robots":{"index":"index","follow":"follow","max-snippet":"max-snippet:-1","max-image-preview":"max-image-preview:large","max-video-preview":"max-video-preview:-1"},"canonical":"https:\/\/hannaik.com\/es\/politica-de-privacidad\/","og_locale":"es_ES","og_type":"article","og_title":"Pol\u00edtica de Privacidad &#8226; HANNAIK | Energy and Water Solutions","og_description":"Pol\u00edtica de Privacidad Toda su informaci\u00f3n personal recogida, se utilizar\u00e1 para ayudar a que su visita en nuestra p\u00e1gina web sea lo m\u00e1s productiva y agradable posible. La garant\u00eda de la confidencialidad de los datos personales de los usuarios de nuestra p\u00e1gina web es importante para HANNAIK . Toda la informaci\u00f3n personal relativa a miembros, [&hellip;]","og_url":"https:\/\/hannaik.com\/es\/politica-de-privacidad\/","og_site_name":"HANNAIK | Energy and Water Solutions","article_publisher":"https:\/\/www.facebook.com\/hannaikenergy\/","article_modified_time":"2020-11-20T18:18:48+00:00","og_image":[{"width":1200,"height":600,"url":"https:\/\/hannaik.com\/wp-content\/uploads\/2017\/12\/HANNAIK.png","type":"image\/png"}],"twitter_card":"summary_large_image","twitter_misc":{"Tiempo de lectura":"3 minutos"},"schema":{"@context":"https:\/\/schema.org","@graph":[{"@type":"WebPage","@id":"https:\/\/hannaik.com\/es\/politica-de-privacidad\/","url":"https:\/\/hannaik.com\/es\/politica-de-privacidad\/","name":"Pol\u00edtica de Privacidad &#8226; HANNAIK | Energy and Water Solutions","isPartOf":{"@id":"https:\/\/hannaik.com\/#website"},"datePublished":"2017-09-20T17:14:24+00:00","dateModified":"2020-11-20T18:18:48+00:00","breadcrumb":{"@id":"https:\/\/hannaik.com\/es\/politica-de-privacidad\/#breadcrumb"},"inLanguage":"es","potentialAction":[{"@type":"ReadAction","target":["https:\/\/hannaik.com\/es\/politica-de-privacidad\/"]}]},{"@type":"BreadcrumbList","@id":"https:\/\/hannaik.com\/es\/politica-de-privacidad\/#breadcrumb","itemListElement":[{"@type":"ListItem","position":1,"name":"Home","item":"https:\/\/hannaik.com\/es\/"},{"@type":"ListItem","position":2,"name":"Pol\u00edtica de Privacidad"}]},{"@type":"WebSite","@id":"https:\/\/hannaik.com\/#website","url":"https:\/\/hannaik.com\/","name":"Hannaik Gensets","description":"Fabricante nacional de soluciones de agua y energ\u00eda","publisher":{"@id":"https:\/\/hannaik.com\/#organization"},"potentialAction":[{"@type":"SearchAction","target":{"@type":"EntryPoint","urlTemplate":"https:\/\/hannaik.com\/?s={search_term_string}"},"query-input":{"@type":"PropertyValueSpecification","valueRequired":true,"valueName":"search_term_string"}}],"inLanguage":"es"},{"@type":"Organization","@id":"https:\/\/hannaik.com\/#organization","name":"HANNAIK","url":"https:\/\/hannaik.com\/","logo":{"@type":"ImageObject","inLanguage":"es","@id":"https:\/\/hannaik.com\/#\/schema\/logo\/image\/","url":"https:\/\/hannaik.com\/wp-content\/uploads\/2018\/03\/Hannaik3.png","contentUrl":"https:\/\/hannaik.com\/wp-content\/uploads\/2018\/03\/Hannaik3.png","width":"278","height":"223","caption":"HANNAIK"},"image":{"@id":"https:\/\/hannaik.com\/#\/schema\/logo\/image\/"},"sameAs":["https:\/\/www.facebook.com\/hannaikenergy\/","https:\/\/www.instagram.com\/hannaik_solutions\/","https:\/\/www.linkedin.com\/company-beta\/15194419","https:\/\/www.youtube.com\/channel\/UCQt234x994onwwmTd-K6U-A"]}]}},"_links":{"self":[{"href":"https:\/\/hannaik.com\/es\/wp-json\/wp\/v2\/pages\/1439","targetHints":{"allow":["GET"]}}],"collection":[{"href":"https:\/\/hannaik.com\/es\/wp-json\/wp\/v2\/pages"}],"about":[{"href":"https:\/\/hannaik.com\/es\/wp-json\/wp\/v2\/types\/page"}],"author":[{"embeddable":true,"href":"https:\/\/hannaik.com\/es\/wp-json\/wp\/v2\/users\/2"}],"replies":[{"embeddable":true,"href":"https:\/\/hannaik.com\/es\/wp-json\/wp\/v2\/comments?post=1439"}],"version-history":[{"count":4,"href":"https:\/\/hannaik.com\/es\/wp-json\/wp\/v2\/pages\/1439\/revisions"}],"predecessor-version":[{"id":15437,"href":"https:\/\/hannaik.com\/es\/wp-json\/wp\/v2\/pages\/1439\/revisions\/15437"}],"wp:attachment":[{"href":"https:\/\/hannaik.com\/es\/wp-json\/wp\/v2\/media?parent=1439"}],"curies":[{"name":"wp","href":"https:\/\/api.w.org\/{rel}","templated":true}]}}