{"id":1379,"date":"2017-09-19T13:50:39","date_gmt":"2017-09-19T13:50:39","guid":{"rendered":"https:\/\/hannaik.com\/politica-de-qualidade\/"},"modified":"2017-12-13T10:47:05","modified_gmt":"2017-12-13T10:47:05","slug":"politique-qualite-et-environnement","status":"publish","type":"page","link":"https:\/\/hannaik.com\/fr\/politique-qualite-et-environnement\/","title":{"rendered":"Politique Qualit\u00e9 et Environnement"},"content":{"rendered":"<ul>\n<li>Satisfazer plenamente as necessidades e expectativas dos clientes, projetando a marca Hannaik como marca de garantia de qualidade e refer\u00eancia no sector;<\/li>\n<li>Responder plenamente \u00e0s necessidades e expectativas dos clientes e responder \u00e0s exig\u00eancias do mercado;<\/li>\n<li>Assegurar os mais elevados padr\u00f5es de qualidade dos seus produtos, bem como elevados padr\u00f5es de servi\u00e7o;<\/li>\n<li>Adotar pr\u00e1ticas de produ\u00e7\u00e3o que assegurem elevados padr\u00f5es de qualidade e que assegurem o fabrico de produtos em conformidade com os requisitos de qualidade dos produtos;<\/li>\n<li>Adotar elevados padr\u00f5es de qualidade de servi\u00e7o, que se traduzam num servi\u00e7o de assist\u00eancia ao cliente ao n\u00edvel da excel\u00eancia, de modo a satisfazer permanentemente os nossos clientes;<\/li>\n<li>Antecipar as tend\u00eancias de mercado atrav\u00e9s do desenvolvimento de novos produtos que excedam as expectativas dos clientes e que favore\u00e7am o desenvolvimento de produtos mais sustent\u00e1veis do ponto de vista ambiental;<\/li>\n<li>Adotar pr\u00e1ticas internas que promovam um uso mais sustent\u00e1vel de recursos;<\/li>\n<li>Manter e gerir com efic\u00e1cia o sistema integrado da qualidade e ambiente, respeitando os requisitos das normas 9001 e 14001;<\/li>\n<li>Promover uma cultura ambientalmente respons\u00e1vel, tendo em vista o desenvolvimento consistente da Empresa e da sua atividade;<\/li>\n<li>Minimizar o impacto da atividade da HNNK, adotando processos e desenvolvendo produtos e servi\u00e7os menos agressivos para o ambiente, procurando minimizar a gera\u00e7\u00e3o de res\u00edduos e promovendo a valoriza\u00e7\u00e3o dos mesmos;<\/li>\n<li>Identificar e avaliar os aspetos ambientais da atividade da HNNK, estabelecendo objetivos e metas relacionados com os aspetos ambientais significativos;<\/li>\n<li>Adotar pr\u00e1ticas internas que permitam avaliar e rever periodicamente o desempenho ambiental da HNNK, tendo em vista melhorar continuamente o desempenho ambiental da HNNK;<\/li>\n<li>Promover a ecoefici\u00eancia atrav\u00e9s da ado\u00e7\u00e3o de pr\u00e1ticas produtivas mais sustent\u00e1veis, que assegurem a qualidade e conformidade dos produtos, servi\u00e7os e processos da HNNK;<\/li>\n<li>Induzir a ado\u00e7\u00e3o de boas pr\u00e1ticas ao n\u00edvel da qualidade e ambiente junto de clientes, fornecedores e outras partes interessadas.<\/li>\n<\/ul>\n","protected":false},"excerpt":{"rendered":"<p>Satisfazer plenamente as necessidades e expectativas dos clientes, projetando a marca Hannaik como marca de garantia de qualidade e refer\u00eancia no sector; Responder plenamente \u00e0s necessidades e expectativas dos clientes e responder \u00e0s exig\u00eancias do mercado; Assegurar os mais elevados padr\u00f5es de qualidade dos seus produtos, bem como elevados padr\u00f5es de servi\u00e7o; Adotar pr\u00e1ticas de [&hellip;]<\/p>\n","protected":false},"author":2,"featured_media":0,"parent":0,"menu_order":0,"comment_status":"closed","ping_status":"closed","template":"privacy-policy.php","meta":{"footnotes":""},"class_list":["post-1379","page","type-page","status-publish","hentry"],"acf":[],"yoast_head":"<!-- This site is optimized with the Yoast SEO plugin v27.1.1 - https:\/\/yoast.com\/product\/yoast-seo-wordpress\/ -->\n<title>Politique Qualit\u00e9 et Environnement &#8226; HANNAIK - Energy and Water solutions<\/title>\n<meta name=\"robots\" content=\"index, follow, max-snippet:-1, max-image-preview:large, max-video-preview:-1\" \/>\n<link rel=\"canonical\" href=\"https:\/\/hannaik.com\/politique-qualite-et-environnement\/\" \/>\n<meta property=\"og:locale\" content=\"fr_FR\" \/>\n<meta property=\"og:type\" content=\"article\" \/>\n<meta property=\"og:title\" content=\"Politique Qualit\u00e9 et Environnement &#8226; HANNAIK - Energy and Water solutions\" \/>\n<meta property=\"og:description\" content=\"Satisfazer plenamente as necessidades e expectativas dos clientes, projetando a marca Hannaik como marca de garantia de qualidade e refer\u00eancia no sector; Responder plenamente \u00e0s necessidades e expectativas dos clientes e responder \u00e0s exig\u00eancias do mercado; Assegurar os mais elevados padr\u00f5es de qualidade dos seus produtos, bem como elevados padr\u00f5es de servi\u00e7o; Adotar pr\u00e1ticas de [&hellip;]\" \/>\n<meta property=\"og:url\" content=\"https:\/\/hannaik.com\/politique-qualite-et-environnement\/\" \/>\n<meta property=\"og:site_name\" content=\"HANNAIK - Energy and Water solutions\" \/>\n<meta property=\"article:publisher\" content=\"https:\/\/www.facebook.com\/hannaikenergy\/\" \/>\n<meta property=\"article:modified_time\" content=\"2017-12-13T10:47:05+00:00\" \/>\n<meta property=\"og:image\" content=\"https:\/\/hannaik.com\/wp-content\/uploads\/2017\/12\/HANNAIK.png\" \/>\n\t<meta property=\"og:image:width\" content=\"1200\" \/>\n\t<meta property=\"og:image:height\" content=\"600\" \/>\n\t<meta property=\"og:image:type\" content=\"image\/png\" \/>\n<meta name=\"twitter:card\" content=\"summary_large_image\" \/>\n<meta name=\"twitter:label1\" content=\"Dur\u00e9e de lecture estim\u00e9e\" \/>\n\t<meta name=\"twitter:data1\" content=\"2 minutes\" \/>\n<script type=\"application\/ld+json\" class=\"yoast-schema-graph\">{\"@context\":\"https:\/\/schema.org\",\"@graph\":[{\"@type\":\"WebPage\",\"@id\":\"https:\/\/hannaik.com\/politique-qualite-et-environnement\/\",\"url\":\"https:\/\/hannaik.com\/politique-qualite-et-environnement\/\",\"name\":\"Politique Qualit\u00e9 et Environnement &#8226; HANNAIK - Energy and Water solutions\",\"isPartOf\":{\"@id\":\"https:\/\/hannaik.com\/#website\"},\"datePublished\":\"2017-09-19T13:50:39+00:00\",\"dateModified\":\"2017-12-13T10:47:05+00:00\",\"breadcrumb\":{\"@id\":\"https:\/\/hannaik.com\/politique-qualite-et-environnement\/#breadcrumb\"},\"inLanguage\":\"fr-FR\",\"potentialAction\":[{\"@type\":\"ReadAction\",\"target\":[\"https:\/\/hannaik.com\/politique-qualite-et-environnement\/\"]}]},{\"@type\":\"BreadcrumbList\",\"@id\":\"https:\/\/hannaik.com\/politique-qualite-et-environnement\/#breadcrumb\",\"itemListElement\":[{\"@type\":\"ListItem\",\"position\":1,\"name\":\"Home\",\"item\":\"https:\/\/hannaik.com\/fr\/\"},{\"@type\":\"ListItem\",\"position\":2,\"name\":\"Politique Qualit\u00e9 et Environnement\"}]},{\"@type\":\"WebSite\",\"@id\":\"https:\/\/hannaik.com\/#website\",\"url\":\"https:\/\/hannaik.com\/\",\"name\":\"Hannaik Gensets\",\"description\":\"Fabricante nacional de solu\u00e7\u00f5es de \u00e1gua e de energia\",\"publisher\":{\"@id\":\"https:\/\/hannaik.com\/#organization\"},\"potentialAction\":[{\"@type\":\"SearchAction\",\"target\":{\"@type\":\"EntryPoint\",\"urlTemplate\":\"https:\/\/hannaik.com\/?s={search_term_string}\"},\"query-input\":{\"@type\":\"PropertyValueSpecification\",\"valueRequired\":true,\"valueName\":\"search_term_string\"}}],\"inLanguage\":\"fr-FR\"},{\"@type\":\"Organization\",\"@id\":\"https:\/\/hannaik.com\/#organization\",\"name\":\"HANNAIK\",\"url\":\"https:\/\/hannaik.com\/\",\"logo\":{\"@type\":\"ImageObject\",\"inLanguage\":\"fr-FR\",\"@id\":\"https:\/\/hannaik.com\/#\/schema\/logo\/image\/\",\"url\":\"https:\/\/hannaik.com\/wp-content\/uploads\/2018\/03\/Hannaik3.png\",\"contentUrl\":\"https:\/\/hannaik.com\/wp-content\/uploads\/2018\/03\/Hannaik3.png\",\"width\":\"278\",\"height\":\"223\",\"caption\":\"HANNAIK\"},\"image\":{\"@id\":\"https:\/\/hannaik.com\/#\/schema\/logo\/image\/\"},\"sameAs\":[\"https:\/\/www.facebook.com\/hannaikenergy\/\",\"https:\/\/www.instagram.com\/hannaik_solutions\/\",\"https:\/\/www.linkedin.com\/company-beta\/15194419\",\"https:\/\/www.youtube.com\/channel\/UCQt234x994onwwmTd-K6U-A\"]}]}<\/script>\n<!-- \/ Yoast SEO plugin. -->","yoast_head_json":{"title":"Politique Qualit\u00e9 et Environnement &#8226; HANNAIK - Energy and Water solutions","robots":{"index":"index","follow":"follow","max-snippet":"max-snippet:-1","max-image-preview":"max-image-preview:large","max-video-preview":"max-video-preview:-1"},"canonical":"https:\/\/hannaik.com\/politique-qualite-et-environnement\/","og_locale":"fr_FR","og_type":"article","og_title":"Politique Qualit\u00e9 et Environnement &#8226; HANNAIK - Energy and Water solutions","og_description":"Satisfazer plenamente as necessidades e expectativas dos clientes, projetando a marca Hannaik como marca de garantia de qualidade e refer\u00eancia no sector; Responder plenamente \u00e0s necessidades e expectativas dos clientes e responder \u00e0s exig\u00eancias do mercado; Assegurar os mais elevados padr\u00f5es de qualidade dos seus produtos, bem como elevados padr\u00f5es de servi\u00e7o; Adotar pr\u00e1ticas de [&hellip;]","og_url":"https:\/\/hannaik.com\/politique-qualite-et-environnement\/","og_site_name":"HANNAIK - Energy and Water solutions","article_publisher":"https:\/\/www.facebook.com\/hannaikenergy\/","article_modified_time":"2017-12-13T10:47:05+00:00","og_image":[{"width":1200,"height":600,"url":"https:\/\/hannaik.com\/wp-content\/uploads\/2017\/12\/HANNAIK.png","type":"image\/png"}],"twitter_card":"summary_large_image","twitter_misc":{"Dur\u00e9e de lecture estim\u00e9e":"2 minutes"},"schema":{"@context":"https:\/\/schema.org","@graph":[{"@type":"WebPage","@id":"https:\/\/hannaik.com\/politique-qualite-et-environnement\/","url":"https:\/\/hannaik.com\/politique-qualite-et-environnement\/","name":"Politique Qualit\u00e9 et Environnement &#8226; HANNAIK - Energy and Water solutions","isPartOf":{"@id":"https:\/\/hannaik.com\/#website"},"datePublished":"2017-09-19T13:50:39+00:00","dateModified":"2017-12-13T10:47:05+00:00","breadcrumb":{"@id":"https:\/\/hannaik.com\/politique-qualite-et-environnement\/#breadcrumb"},"inLanguage":"fr-FR","potentialAction":[{"@type":"ReadAction","target":["https:\/\/hannaik.com\/politique-qualite-et-environnement\/"]}]},{"@type":"BreadcrumbList","@id":"https:\/\/hannaik.com\/politique-qualite-et-environnement\/#breadcrumb","itemListElement":[{"@type":"ListItem","position":1,"name":"Home","item":"https:\/\/hannaik.com\/fr\/"},{"@type":"ListItem","position":2,"name":"Politique Qualit\u00e9 et Environnement"}]},{"@type":"WebSite","@id":"https:\/\/hannaik.com\/#website","url":"https:\/\/hannaik.com\/","name":"Hannaik Gensets","description":"Fabricante nacional de solu\u00e7\u00f5es de \u00e1gua e de energia","publisher":{"@id":"https:\/\/hannaik.com\/#organization"},"potentialAction":[{"@type":"SearchAction","target":{"@type":"EntryPoint","urlTemplate":"https:\/\/hannaik.com\/?s={search_term_string}"},"query-input":{"@type":"PropertyValueSpecification","valueRequired":true,"valueName":"search_term_string"}}],"inLanguage":"fr-FR"},{"@type":"Organization","@id":"https:\/\/hannaik.com\/#organization","name":"HANNAIK","url":"https:\/\/hannaik.com\/","logo":{"@type":"ImageObject","inLanguage":"fr-FR","@id":"https:\/\/hannaik.com\/#\/schema\/logo\/image\/","url":"https:\/\/hannaik.com\/wp-content\/uploads\/2018\/03\/Hannaik3.png","contentUrl":"https:\/\/hannaik.com\/wp-content\/uploads\/2018\/03\/Hannaik3.png","width":"278","height":"223","caption":"HANNAIK"},"image":{"@id":"https:\/\/hannaik.com\/#\/schema\/logo\/image\/"},"sameAs":["https:\/\/www.facebook.com\/hannaikenergy\/","https:\/\/www.instagram.com\/hannaik_solutions\/","https:\/\/www.linkedin.com\/company-beta\/15194419","https:\/\/www.youtube.com\/channel\/UCQt234x994onwwmTd-K6U-A"]}]}},"_links":{"self":[{"href":"https:\/\/hannaik.com\/fr\/wp-json\/wp\/v2\/pages\/1379","targetHints":{"allow":["GET"]}}],"collection":[{"href":"https:\/\/hannaik.com\/fr\/wp-json\/wp\/v2\/pages"}],"about":[{"href":"https:\/\/hannaik.com\/fr\/wp-json\/wp\/v2\/types\/page"}],"author":[{"embeddable":true,"href":"https:\/\/hannaik.com\/fr\/wp-json\/wp\/v2\/users\/2"}],"replies":[{"embeddable":true,"href":"https:\/\/hannaik.com\/fr\/wp-json\/wp\/v2\/comments?post=1379"}],"version-history":[{"count":4,"href":"https:\/\/hannaik.com\/fr\/wp-json\/wp\/v2\/pages\/1379\/revisions"}],"predecessor-version":[{"id":3825,"href":"https:\/\/hannaik.com\/fr\/wp-json\/wp\/v2\/pages\/1379\/revisions\/3825"}],"wp:attachment":[{"href":"https:\/\/hannaik.com\/fr\/wp-json\/wp\/v2\/media?parent=1379"}],"curies":[{"name":"wp","href":"https:\/\/api.w.org\/{rel}","templated":true}]}}