{"id":1409,"date":"2017-09-19T10:35:39","date_gmt":"2017-09-19T10:35:39","guid":{"rendered":"https:\/\/hannaik.com\/media\/"},"modified":"2022-01-20T18:29:46","modified_gmt":"2022-01-20T18:29:46","slug":"media","status":"publish","type":"page","link":"https:\/\/hannaik.com\/fr\/media\/","title":{"rendered":"Media"},"content":{"rendered":"","protected":false},"excerpt":{"rendered":"","protected":false},"author":2,"featured_media":0,"parent":0,"menu_order":0,"comment_status":"closed","ping_status":"closed","template":"archive-media.php","meta":{"footnotes":""},"class_list":["post-1409","page","type-page","status-publish","hentry"],"acf":[],"yoast_head":"<!-- This site is optimized with the Yoast SEO plugin v27.1.1 - https:\/\/yoast.com\/product\/yoast-seo-wordpress\/ -->\n<title>Media - Encontre aqui exemplos dos nossos trabalhos e eventos<\/title>\n<meta name=\"description\" content=\"Media - Conhe\u00e7a os resultados do nosso trabalho atrav\u00e9s de in\u00fameros v\u00eddeos e fotografias que poder\u00e1 encontrar nesta p\u00e1gina. Acompanhe-nos!\" \/>\n<meta name=\"robots\" content=\"index, follow, max-snippet:-1, max-image-preview:large, max-video-preview:-1\" \/>\n<link rel=\"canonical\" href=\"https:\/\/hannaik.com\/fr\/media\/\" \/>\n<meta property=\"og:locale\" content=\"fr_FR\" \/>\n<meta property=\"og:type\" content=\"article\" \/>\n<meta property=\"og:title\" content=\"Media - Encontre aqui exemplos dos nossos trabalhos e eventos\" \/>\n<meta property=\"og:description\" content=\"Media - Conhe\u00e7a os resultados do nosso trabalho atrav\u00e9s de in\u00fameros v\u00eddeos e fotografias que poder\u00e1 encontrar nesta p\u00e1gina. Acompanhe-nos!\" \/>\n<meta property=\"og:url\" content=\"https:\/\/hannaik.com\/fr\/media\/\" \/>\n<meta property=\"og:site_name\" content=\"HANNAIK - Energy and Water solutions\" \/>\n<meta property=\"article:publisher\" content=\"https:\/\/www.facebook.com\/hannaikenergy\/\" \/>\n<meta property=\"article:modified_time\" content=\"2022-01-20T18:29:46+00:00\" \/>\n<meta property=\"og:image\" content=\"https:\/\/hannaik.com\/wp-content\/uploads\/2017\/12\/HANNAIK.png\" \/>\n\t<meta property=\"og:image:width\" content=\"1200\" \/>\n\t<meta property=\"og:image:height\" content=\"600\" \/>\n\t<meta property=\"og:image:type\" content=\"image\/png\" \/>\n<meta name=\"twitter:card\" content=\"summary_large_image\" \/>\n<script type=\"application\/ld+json\" class=\"yoast-schema-graph\">{\"@context\":\"https:\/\/schema.org\",\"@graph\":[{\"@type\":\"WebPage\",\"@id\":\"https:\/\/hannaik.com\/fr\/media\/\",\"url\":\"https:\/\/hannaik.com\/fr\/media\/\",\"name\":\"Media - Encontre aqui exemplos dos nossos trabalhos e eventos\",\"isPartOf\":{\"@id\":\"https:\/\/hannaik.com\/#website\"},\"datePublished\":\"2017-09-19T10:35:39+00:00\",\"dateModified\":\"2022-01-20T18:29:46+00:00\",\"description\":\"Media - Conhe\u00e7a os resultados do nosso trabalho atrav\u00e9s de in\u00fameros v\u00eddeos e fotografias que poder\u00e1 encontrar nesta p\u00e1gina. Acompanhe-nos!\",\"breadcrumb\":{\"@id\":\"https:\/\/hannaik.com\/fr\/media\/#breadcrumb\"},\"inLanguage\":\"fr-FR\",\"potentialAction\":[{\"@type\":\"ReadAction\",\"target\":[\"https:\/\/hannaik.com\/fr\/media\/\"]}]},{\"@type\":\"BreadcrumbList\",\"@id\":\"https:\/\/hannaik.com\/fr\/media\/#breadcrumb\",\"itemListElement\":[{\"@type\":\"ListItem\",\"position\":1,\"name\":\"Home\",\"item\":\"https:\/\/hannaik.com\/fr\/\"},{\"@type\":\"ListItem\",\"position\":2,\"name\":\"Media\"}]},{\"@type\":\"WebSite\",\"@id\":\"https:\/\/hannaik.com\/#website\",\"url\":\"https:\/\/hannaik.com\/\",\"name\":\"Hannaik Gensets\",\"description\":\"Fabricante nacional de solu\u00e7\u00f5es de \u00e1gua e de energia\",\"publisher\":{\"@id\":\"https:\/\/hannaik.com\/#organization\"},\"potentialAction\":[{\"@type\":\"SearchAction\",\"target\":{\"@type\":\"EntryPoint\",\"urlTemplate\":\"https:\/\/hannaik.com\/?s={search_term_string}\"},\"query-input\":{\"@type\":\"PropertyValueSpecification\",\"valueRequired\":true,\"valueName\":\"search_term_string\"}}],\"inLanguage\":\"fr-FR\"},{\"@type\":\"Organization\",\"@id\":\"https:\/\/hannaik.com\/#organization\",\"name\":\"HANNAIK\",\"url\":\"https:\/\/hannaik.com\/\",\"logo\":{\"@type\":\"ImageObject\",\"inLanguage\":\"fr-FR\",\"@id\":\"https:\/\/hannaik.com\/#\/schema\/logo\/image\/\",\"url\":\"https:\/\/hannaik.com\/wp-content\/uploads\/2018\/03\/Hannaik3.png\",\"contentUrl\":\"https:\/\/hannaik.com\/wp-content\/uploads\/2018\/03\/Hannaik3.png\",\"width\":\"278\",\"height\":\"223\",\"caption\":\"HANNAIK\"},\"image\":{\"@id\":\"https:\/\/hannaik.com\/#\/schema\/logo\/image\/\"},\"sameAs\":[\"https:\/\/www.facebook.com\/hannaikenergy\/\",\"https:\/\/www.instagram.com\/hannaik_solutions\/\",\"https:\/\/www.linkedin.com\/company-beta\/15194419\",\"https:\/\/www.youtube.com\/channel\/UCQt234x994onwwmTd-K6U-A\"]}]}<\/script>\n<!-- \/ Yoast SEO plugin. -->","yoast_head_json":{"title":"Media - Encontre aqui exemplos dos nossos trabalhos e eventos","description":"Media - Conhe\u00e7a os resultados do nosso trabalho atrav\u00e9s de in\u00fameros v\u00eddeos e fotografias que poder\u00e1 encontrar nesta p\u00e1gina. Acompanhe-nos!","robots":{"index":"index","follow":"follow","max-snippet":"max-snippet:-1","max-image-preview":"max-image-preview:large","max-video-preview":"max-video-preview:-1"},"canonical":"https:\/\/hannaik.com\/fr\/media\/","og_locale":"fr_FR","og_type":"article","og_title":"Media - Encontre aqui exemplos dos nossos trabalhos e eventos","og_description":"Media - Conhe\u00e7a os resultados do nosso trabalho atrav\u00e9s de in\u00fameros v\u00eddeos e fotografias que poder\u00e1 encontrar nesta p\u00e1gina. Acompanhe-nos!","og_url":"https:\/\/hannaik.com\/fr\/media\/","og_site_name":"HANNAIK - Energy and Water solutions","article_publisher":"https:\/\/www.facebook.com\/hannaikenergy\/","article_modified_time":"2022-01-20T18:29:46+00:00","og_image":[{"width":1200,"height":600,"url":"https:\/\/hannaik.com\/wp-content\/uploads\/2017\/12\/HANNAIK.png","type":"image\/png"}],"twitter_card":"summary_large_image","schema":{"@context":"https:\/\/schema.org","@graph":[{"@type":"WebPage","@id":"https:\/\/hannaik.com\/fr\/media\/","url":"https:\/\/hannaik.com\/fr\/media\/","name":"Media - Encontre aqui exemplos dos nossos trabalhos e eventos","isPartOf":{"@id":"https:\/\/hannaik.com\/#website"},"datePublished":"2017-09-19T10:35:39+00:00","dateModified":"2022-01-20T18:29:46+00:00","description":"Media - Conhe\u00e7a os resultados do nosso trabalho atrav\u00e9s de in\u00fameros v\u00eddeos e fotografias que poder\u00e1 encontrar nesta p\u00e1gina. Acompanhe-nos!","breadcrumb":{"@id":"https:\/\/hannaik.com\/fr\/media\/#breadcrumb"},"inLanguage":"fr-FR","potentialAction":[{"@type":"ReadAction","target":["https:\/\/hannaik.com\/fr\/media\/"]}]},{"@type":"BreadcrumbList","@id":"https:\/\/hannaik.com\/fr\/media\/#breadcrumb","itemListElement":[{"@type":"ListItem","position":1,"name":"Home","item":"https:\/\/hannaik.com\/fr\/"},{"@type":"ListItem","position":2,"name":"Media"}]},{"@type":"WebSite","@id":"https:\/\/hannaik.com\/#website","url":"https:\/\/hannaik.com\/","name":"Hannaik Gensets","description":"Fabricante nacional de solu\u00e7\u00f5es de \u00e1gua e de energia","publisher":{"@id":"https:\/\/hannaik.com\/#organization"},"potentialAction":[{"@type":"SearchAction","target":{"@type":"EntryPoint","urlTemplate":"https:\/\/hannaik.com\/?s={search_term_string}"},"query-input":{"@type":"PropertyValueSpecification","valueRequired":true,"valueName":"search_term_string"}}],"inLanguage":"fr-FR"},{"@type":"Organization","@id":"https:\/\/hannaik.com\/#organization","name":"HANNAIK","url":"https:\/\/hannaik.com\/","logo":{"@type":"ImageObject","inLanguage":"fr-FR","@id":"https:\/\/hannaik.com\/#\/schema\/logo\/image\/","url":"https:\/\/hannaik.com\/wp-content\/uploads\/2018\/03\/Hannaik3.png","contentUrl":"https:\/\/hannaik.com\/wp-content\/uploads\/2018\/03\/Hannaik3.png","width":"278","height":"223","caption":"HANNAIK"},"image":{"@id":"https:\/\/hannaik.com\/#\/schema\/logo\/image\/"},"sameAs":["https:\/\/www.facebook.com\/hannaikenergy\/","https:\/\/www.instagram.com\/hannaik_solutions\/","https:\/\/www.linkedin.com\/company-beta\/15194419","https:\/\/www.youtube.com\/channel\/UCQt234x994onwwmTd-K6U-A"]}]}},"_links":{"self":[{"href":"https:\/\/hannaik.com\/fr\/wp-json\/wp\/v2\/pages\/1409","targetHints":{"allow":["GET"]}}],"collection":[{"href":"https:\/\/hannaik.com\/fr\/wp-json\/wp\/v2\/pages"}],"about":[{"href":"https:\/\/hannaik.com\/fr\/wp-json\/wp\/v2\/types\/page"}],"author":[{"embeddable":true,"href":"https:\/\/hannaik.com\/fr\/wp-json\/wp\/v2\/users\/2"}],"replies":[{"embeddable":true,"href":"https:\/\/hannaik.com\/fr\/wp-json\/wp\/v2\/comments?post=1409"}],"version-history":[{"count":65,"href":"https:\/\/hannaik.com\/fr\/wp-json\/wp\/v2\/pages\/1409\/revisions"}],"predecessor-version":[{"id":20586,"href":"https:\/\/hannaik.com\/fr\/wp-json\/wp\/v2\/pages\/1409\/revisions\/20586"}],"wp:attachment":[{"href":"https:\/\/hannaik.com\/fr\/wp-json\/wp\/v2\/media?parent=1409"}],"curies":[{"name":"wp","href":"https:\/\/api.w.org\/{rel}","templated":true}]}}