{"id":1416,"date":"2017-09-26T10:46:52","date_gmt":"2017-09-26T10:46:52","guid":{"rendered":"https:\/\/hannaik.com\/blog\/mais-noticias\/"},"modified":"2017-09-26T10:46:52","modified_gmt":"2017-09-26T10:46:52","slug":"mais-noticias","status":"publish","type":"page","link":"https:\/\/hannaik.com\/fr\/noticias\/mais-noticias\/","title":{"rendered":"Mais Not\u00edcias"},"content":{"rendered":"","protected":false},"excerpt":{"rendered":"","protected":false},"author":2,"featured_media":0,"parent":1413,"menu_order":0,"comment_status":"closed","ping_status":"closed","template":"more-news.php","meta":{"footnotes":""},"class_list":["post-1416","page","type-page","status-publish","hentry"],"acf":[],"yoast_head":"<!-- This site is optimized with the Yoast SEO plugin v27.1.1 - https:\/\/yoast.com\/product\/yoast-seo-wordpress\/ -->\n<title>Mais Not\u00edcias &#8226; HANNAIK - Energy and Water solutions<\/title>\n<meta name=\"robots\" content=\"index, follow, max-snippet:-1, max-image-preview:large, max-video-preview:-1\" \/>\n<link rel=\"canonical\" href=\"https:\/\/hannaik.com\/fr\/noticias\/mais-noticias\/\" \/>\n<meta property=\"og:locale\" content=\"fr_FR\" \/>\n<meta property=\"og:type\" content=\"article\" \/>\n<meta property=\"og:title\" content=\"Mais Not\u00edcias &#8226; HANNAIK - Energy and Water solutions\" \/>\n<meta property=\"og:url\" content=\"https:\/\/hannaik.com\/fr\/noticias\/mais-noticias\/\" \/>\n<meta property=\"og:site_name\" content=\"HANNAIK - Energy and Water solutions\" \/>\n<meta property=\"article:publisher\" content=\"https:\/\/www.facebook.com\/hannaikenergy\/\" \/>\n<meta property=\"og:image\" content=\"https:\/\/hannaik.com\/wp-content\/uploads\/2017\/12\/HANNAIK.png\" \/>\n\t<meta property=\"og:image:width\" content=\"1200\" \/>\n\t<meta property=\"og:image:height\" content=\"600\" \/>\n\t<meta property=\"og:image:type\" content=\"image\/png\" \/>\n<meta name=\"twitter:card\" content=\"summary_large_image\" \/>\n<script type=\"application\/ld+json\" class=\"yoast-schema-graph\">{\"@context\":\"https:\/\/schema.org\",\"@graph\":[{\"@type\":\"WebPage\",\"@id\":\"https:\/\/hannaik.com\/fr\/noticias\/mais-noticias\/\",\"url\":\"https:\/\/hannaik.com\/fr\/noticias\/mais-noticias\/\",\"name\":\"Mais Not\u00edcias &#8226; HANNAIK - Energy and Water solutions\",\"isPartOf\":{\"@id\":\"https:\/\/hannaik.com\/#website\"},\"datePublished\":\"2017-09-26T10:46:52+00:00\",\"breadcrumb\":{\"@id\":\"https:\/\/hannaik.com\/fr\/noticias\/mais-noticias\/#breadcrumb\"},\"inLanguage\":\"fr-FR\",\"potentialAction\":[{\"@type\":\"ReadAction\",\"target\":[\"https:\/\/hannaik.com\/fr\/noticias\/mais-noticias\/\"]}]},{\"@type\":\"BreadcrumbList\",\"@id\":\"https:\/\/hannaik.com\/fr\/noticias\/mais-noticias\/#breadcrumb\",\"itemListElement\":[{\"@type\":\"ListItem\",\"position\":1,\"name\":\"Home\",\"item\":\"https:\/\/hannaik.com\/fr\/\"},{\"@type\":\"ListItem\",\"position\":2,\"name\":\"Not\u00edcias\",\"item\":\"https:\/\/hannaik.com\/fr\/noticias\/\"},{\"@type\":\"ListItem\",\"position\":3,\"name\":\"Mais Not\u00edcias\"}]},{\"@type\":\"WebSite\",\"@id\":\"https:\/\/hannaik.com\/#website\",\"url\":\"https:\/\/hannaik.com\/\",\"name\":\"Hannaik Gensets\",\"description\":\"Fabricante nacional de solu\u00e7\u00f5es de \u00e1gua e de energia\",\"publisher\":{\"@id\":\"https:\/\/hannaik.com\/#organization\"},\"potentialAction\":[{\"@type\":\"SearchAction\",\"target\":{\"@type\":\"EntryPoint\",\"urlTemplate\":\"https:\/\/hannaik.com\/?s={search_term_string}\"},\"query-input\":{\"@type\":\"PropertyValueSpecification\",\"valueRequired\":true,\"valueName\":\"search_term_string\"}}],\"inLanguage\":\"fr-FR\"},{\"@type\":\"Organization\",\"@id\":\"https:\/\/hannaik.com\/#organization\",\"name\":\"HANNAIK\",\"url\":\"https:\/\/hannaik.com\/\",\"logo\":{\"@type\":\"ImageObject\",\"inLanguage\":\"fr-FR\",\"@id\":\"https:\/\/hannaik.com\/#\/schema\/logo\/image\/\",\"url\":\"https:\/\/hannaik.com\/wp-content\/uploads\/2018\/03\/Hannaik3.png\",\"contentUrl\":\"https:\/\/hannaik.com\/wp-content\/uploads\/2018\/03\/Hannaik3.png\",\"width\":\"278\",\"height\":\"223\",\"caption\":\"HANNAIK\"},\"image\":{\"@id\":\"https:\/\/hannaik.com\/#\/schema\/logo\/image\/\"},\"sameAs\":[\"https:\/\/www.facebook.com\/hannaikenergy\/\",\"https:\/\/www.instagram.com\/hannaik_solutions\/\",\"https:\/\/www.linkedin.com\/company-beta\/15194419\",\"https:\/\/www.youtube.com\/channel\/UCQt234x994onwwmTd-K6U-A\"]}]}<\/script>\n<!-- \/ Yoast SEO plugin. -->","yoast_head_json":{"title":"Mais Not\u00edcias &#8226; HANNAIK - Energy and Water solutions","robots":{"index":"index","follow":"follow","max-snippet":"max-snippet:-1","max-image-preview":"max-image-preview:large","max-video-preview":"max-video-preview:-1"},"canonical":"https:\/\/hannaik.com\/fr\/noticias\/mais-noticias\/","og_locale":"fr_FR","og_type":"article","og_title":"Mais Not\u00edcias &#8226; HANNAIK - Energy and Water solutions","og_url":"https:\/\/hannaik.com\/fr\/noticias\/mais-noticias\/","og_site_name":"HANNAIK - Energy and Water solutions","article_publisher":"https:\/\/www.facebook.com\/hannaikenergy\/","og_image":[{"width":1200,"height":600,"url":"https:\/\/hannaik.com\/wp-content\/uploads\/2017\/12\/HANNAIK.png","type":"image\/png"}],"twitter_card":"summary_large_image","schema":{"@context":"https:\/\/schema.org","@graph":[{"@type":"WebPage","@id":"https:\/\/hannaik.com\/fr\/noticias\/mais-noticias\/","url":"https:\/\/hannaik.com\/fr\/noticias\/mais-noticias\/","name":"Mais Not\u00edcias &#8226; HANNAIK - Energy and Water solutions","isPartOf":{"@id":"https:\/\/hannaik.com\/#website"},"datePublished":"2017-09-26T10:46:52+00:00","breadcrumb":{"@id":"https:\/\/hannaik.com\/fr\/noticias\/mais-noticias\/#breadcrumb"},"inLanguage":"fr-FR","potentialAction":[{"@type":"ReadAction","target":["https:\/\/hannaik.com\/fr\/noticias\/mais-noticias\/"]}]},{"@type":"BreadcrumbList","@id":"https:\/\/hannaik.com\/fr\/noticias\/mais-noticias\/#breadcrumb","itemListElement":[{"@type":"ListItem","position":1,"name":"Home","item":"https:\/\/hannaik.com\/fr\/"},{"@type":"ListItem","position":2,"name":"Not\u00edcias","item":"https:\/\/hannaik.com\/fr\/noticias\/"},{"@type":"ListItem","position":3,"name":"Mais Not\u00edcias"}]},{"@type":"WebSite","@id":"https:\/\/hannaik.com\/#website","url":"https:\/\/hannaik.com\/","name":"Hannaik Gensets","description":"Fabricante nacional de solu\u00e7\u00f5es de \u00e1gua e de energia","publisher":{"@id":"https:\/\/hannaik.com\/#organization"},"potentialAction":[{"@type":"SearchAction","target":{"@type":"EntryPoint","urlTemplate":"https:\/\/hannaik.com\/?s={search_term_string}"},"query-input":{"@type":"PropertyValueSpecification","valueRequired":true,"valueName":"search_term_string"}}],"inLanguage":"fr-FR"},{"@type":"Organization","@id":"https:\/\/hannaik.com\/#organization","name":"HANNAIK","url":"https:\/\/hannaik.com\/","logo":{"@type":"ImageObject","inLanguage":"fr-FR","@id":"https:\/\/hannaik.com\/#\/schema\/logo\/image\/","url":"https:\/\/hannaik.com\/wp-content\/uploads\/2018\/03\/Hannaik3.png","contentUrl":"https:\/\/hannaik.com\/wp-content\/uploads\/2018\/03\/Hannaik3.png","width":"278","height":"223","caption":"HANNAIK"},"image":{"@id":"https:\/\/hannaik.com\/#\/schema\/logo\/image\/"},"sameAs":["https:\/\/www.facebook.com\/hannaikenergy\/","https:\/\/www.instagram.com\/hannaik_solutions\/","https:\/\/www.linkedin.com\/company-beta\/15194419","https:\/\/www.youtube.com\/channel\/UCQt234x994onwwmTd-K6U-A"]}]}},"_links":{"self":[{"href":"https:\/\/hannaik.com\/fr\/wp-json\/wp\/v2\/pages\/1416","targetHints":{"allow":["GET"]}}],"collection":[{"href":"https:\/\/hannaik.com\/fr\/wp-json\/wp\/v2\/pages"}],"about":[{"href":"https:\/\/hannaik.com\/fr\/wp-json\/wp\/v2\/types\/page"}],"author":[{"embeddable":true,"href":"https:\/\/hannaik.com\/fr\/wp-json\/wp\/v2\/users\/2"}],"replies":[{"embeddable":true,"href":"https:\/\/hannaik.com\/fr\/wp-json\/wp\/v2\/comments?post=1416"}],"version-history":[{"count":0,"href":"https:\/\/hannaik.com\/fr\/wp-json\/wp\/v2\/pages\/1416\/revisions"}],"up":[{"embeddable":true,"href":"https:\/\/hannaik.com\/fr\/wp-json\/wp\/v2\/pages\/1413"}],"wp:attachment":[{"href":"https:\/\/hannaik.com\/fr\/wp-json\/wp\/v2\/media?parent=1416"}],"curies":[{"name":"wp","href":"https:\/\/api.w.org\/{rel}","templated":true}]}}