{"id":1429,"date":"2017-09-20T17:13:56","date_gmt":"2017-09-20T17:13:56","guid":{"rendered":"https:\/\/hannaik.com\/mapa-do-site\/"},"modified":"2017-10-10T15:42:40","modified_gmt":"2017-10-10T15:42:40","slug":"mapa-do-site","status":"publish","type":"page","link":"https:\/\/hannaik.com\/fr\/mapa-do-site\/","title":{"rendered":"Plan du Site"},"content":{"rendered":"<p><div class=\"wsp-container\"><h2 class=\"wsp-pages-title\">Pages<\/h2>\n<ul class=\"wsp-pages-list\">\n<li class=\"page_item page-item-1419\"><a href=\"https:\/\/hannaik.com\/fr\/contactos\/\">Contacts<\/a><\/li>\n<li class=\"page_item page-item-1432\"><a href=\"https:\/\/hannaik.com\/fr\/pedir-orcamento\/\">Demander un Budget<\/a><\/li>\n<li class=\"page_item page-item-1450\"><a href=\"https:\/\/hannaik.com\/fr\/seja-nosso-revendedor\/\">Devenir un Revendeur<\/a><\/li>\n<li class=\"page_item page-item-2440\"><a href=\"https:\/\/hannaik.com\/fr\/areas-de-atuacao\/\">Domaines de Pratique<\/a><\/li>\n<li class=\"page_item page-item-1373\"><a href=\"https:\/\/hannaik.com\/fr\/downloads\/\">Downloads<\/a><\/li>\n<li class=\"page_item page-item-1391\"><a href=\"https:\/\/hannaik.com\/fr\/durabilite\/\">Durabilit\u00e9<\/a><\/li>\n<li class=\"page_item page-item-1041\"><a href=\"https:\/\/hannaik.com\/fr\/hannaik\/\">HANNAIK<\/a><\/li>\n<li class=\"page_item page-item-850\"><a href=\"https:\/\/hannaik.com\/fr\/\">In\u00edcio<\/a><\/li>\n<li class=\"page_item page-item-1409\"><a href=\"https:\/\/hannaik.com\/fr\/media\/\">Media<\/a><\/li>\n<li class=\"page_item page-item-6547\"><a href=\"https:\/\/hannaik.com\/fr\/newsletter\/\">Newsletter<\/a><\/li>\n<li class=\"page_item page-item-1413 page_item_has_children current_page_parent\"><a href=\"https:\/\/hannaik.com\/fr\/noticias\/\">Not\u00edcias<\/a>\n<ul class='children'>\n\t<li class=\"page_item page-item-1416\"><a href=\"https:\/\/hannaik.com\/fr\/noticias\/mais-noticias\/\">Mais Not\u00edcias<\/a><\/li>\n<\/ul>\n<\/li>\n<li class=\"page_item page-item-1429\"><a href=\"https:\/\/hannaik.com\/fr\/mapa-do-site\/\">Plan du Site<\/a><\/li>\n<li class=\"page_item page-item-1438\"><a href=\"https:\/\/hannaik.com\/fr\/politique-de-confidentialite\/\">Politique de Confidentialit\u00e9<\/a><\/li>\n<li class=\"page_item page-item-1379\"><a href=\"https:\/\/hannaik.com\/fr\/politique-qualite-et-environnement\/\">Politique Qualit\u00e9 et Environnement<\/a><\/li>\n<li class=\"page_item page-item-1367\"><a href=\"https:\/\/hannaik.com\/fr\/produtos\/\">Produits<\/a><\/li>\n<li class=\"page_item page-item-1403\"><a href=\"https:\/\/hannaik.com\/fr\/projetos\/\">Projets<\/a><\/li>\n<li class=\"page_item page-item-1444\"><a href=\"https:\/\/hannaik.com\/fr\/recrutamento\/\">Recrutement<\/a><\/li>\n<li class=\"page_item page-item-1397\"><a href=\"https:\/\/hannaik.com\/fr\/servicos\/\">Services<\/a><\/li>\n<li class=\"page_item page-item-1457\"><a href=\"https:\/\/hannaik.com\/fr\/termos-e-condicoes\/\">Termes et Conditions<\/a><\/li>\n<li class=\"page_item page-item-2452\"><a href=\"https:\/\/hannaik.com\/fr\/testemunhos\/\">Testemunhos<\/a><\/li>\n<li class=\"page_item page-item-1426\"><a href=\"https:\/\/hannaik.com\/fr\/login\/\">Zone Restreinte<\/a><\/li>\n<li class=\"page_item page-item-1466 page_item_has_children\"><a href=\"https:\/\/hannaik.com\/fr\/customer-area\/\">Zone Client<\/a>\n<ul class='children'>\n\t<li class=\"page_item page-item-1476\"><a href=\"https:\/\/hannaik.com\/fr\/customer-area\/painel\/\">Tableau de Bord<\/a><\/li>\n\t<li class=\"page_item page-item-1482 page_item_has_children\"><a href=\"https:\/\/hannaik.com\/fr\/customer-area\/ficheiro\/\">Dossiers<\/a>\n\t<ul class='children'>\n\t\t<li class=\"page_item page-item-1488\"><a href=\"https:\/\/hannaik.com\/fr\/customer-area\/ficheiro\/meus-ficheiros\/\">Mes Dossiers<\/a><\/li>\n\t<\/ul>\n<\/li>\n\t<li class=\"page_item page-item-1493 page_item_has_children\"><a href=\"https:\/\/hannaik.com\/fr\/customer-area\/paginas\/\">P\u00e1ginas<\/a>\n\t<ul class='children'>\n\t\t<li class=\"page_item page-item-1497\"><a href=\"https:\/\/hannaik.com\/fr\/customer-area\/paginas\/my-pages\/\">My pages<\/a><\/li>\n\t<\/ul>\n<\/li>\n\t<li class=\"page_item page-item-1500 page_item_has_children\"><a href=\"https:\/\/hannaik.com\/fr\/customer-area\/minha-conta\/\">Mon Compte<\/a>\n\t<ul class='children'>\n\t\t<li class=\"page_item page-item-1506\"><a href=\"https:\/\/hannaik.com\/fr\/customer-area\/minha-conta\/detalhes-da-conta\/\">Details du Compte<\/a><\/li>\n\t\t<li class=\"page_item page-item-1512\"><a href=\"https:\/\/hannaik.com\/fr\/customer-area\/minha-conta\/editar-conta\/\">Modifier le Compte<\/a><\/li>\n\t\t<li class=\"page_item page-item-1515\"><a href=\"https:\/\/hannaik.com\/fr\/customer-area\/minha-conta\/terminar-sessao\/\">Connectez Out<\/a><\/li>\n\t<\/ul>\n<\/li>\n<\/ul>\n<\/li>\n<\/ul>\n<\/div><div class=\"wsp-container\"><h2 class=\"wsp-services-title\">Servi\u00e7os<\/h2>\n<ul class=\"wsp-services-list\">\n<li><a href=\"https:\/\/hannaik.com\/fr\/service\/projeto-e-solucoes-dedicadas\/\">Projeto e solu\u00e7\u00f5es dedicadas fr<\/a><\/li>\n<li><a href=\"https:\/\/hannaik.com\/fr\/service\/instalacao-e-montagem\/\">Instala\u00e7\u00e3o e Montagem<\/a><\/li>\n<li><a href=\"https:\/\/hannaik.com\/fr\/service\/contratos-de-manutencao\/\">Contratos de manuten\u00e7\u00e3o fr<\/a><\/li>\n<li><a href=\"https:\/\/hannaik.com\/fr\/service\/assistencia-tecnica-e-garantia\/\">Assist\u00eancia T\u00e9cnica e Garantia fr<\/a><\/li>\n<li><a href=\"https:\/\/hannaik.com\/fr\/service\/arranque-e-formacao\/\">Arranque e forma\u00e7\u00e3o fr<\/a><\/li>\n<li><a href=\"https:\/\/hannaik.com\/fr\/service\/reparacoes-e-recondicionamento\/\">Repara\u00e7\u00f5es e Recondicionamento fr<\/a><\/li>\n<li><a href=\"https:\/\/hannaik.com\/fr\/service\/pecas\/\">Pe\u00e7as fr<\/a><\/li>\n<li><a href=\"https:\/\/hannaik.com\/fr\/service\/aluguer-de-geradores\/\">Aluguer de Geradores FR<\/a><\/li>\n<\/ul>\n<\/div><div class=\"wsp-container\"><h2 class=\"wsp-projects-title\">Projetos<\/h2>\n<ul class=\"wsp-projects-list\">\n<li><a href=\"https:\/\/hannaik.com\/fr\/project\/gerador-de-energia-de-33kva-em-angola\/\">Hannaik instala gerador de energia de 33kVA em Angola<\/a><\/li>\n<li><a href=\"https:\/\/hannaik.com\/fr\/project\/dois-geradores-de-energia-no-hospital-privado-gaia\/\">Hannaik instala dois geradores de energia no Hospital Privado de Gaia<\/a><\/li>\n<li><a href=\"https:\/\/hannaik.com\/fr\/project\/gerador-de-277kva-na-panificadora-marques-filipe\/\">Hannaik instala gerador de 277kVA na Panificadora Marques Filipe<\/a><\/li>\n<li><a href=\"https:\/\/hannaik.com\/fr\/project\/central-de-emergencia-de-33kva-em-evora\/\">Hannaik instala central de emerg\u00eancia de 33 kVA no Retail Park de \u00c9vora<\/a><\/li>\n<li><a href=\"https:\/\/hannaik.com\/fr\/project\/geradores-de-160kva-e-220kva-em-matosinhos\/\">Hannaik instala dois geradores de 160kVA e 220kVA em Matosinhos<\/a><\/li>\n<li><a href=\"https:\/\/hannaik.com\/fr\/project\/gerador-de-275kva-em-edificio-habitacional-em-lisboa\/\">Hannaik instala gerador de 275kVA em Lisboa<\/a><\/li>\n<li><a href=\"https:\/\/hannaik.com\/fr\/project\/central-de-energia-de-2200-kva-em-luanda\/\">Hannaik instalou central de energia 2200 kVA em Luanda<\/a><\/li>\n<li><a href=\"https:\/\/hannaik.com\/fr\/project\/geradores-de-200-e-350kva-na-leroy-merlin-de-braga\/\">Hannaik instalou dois geradores de 200 e 350kVA, na Leroy Merlin, em Braga<\/a><\/li>\n<li><a href=\"https:\/\/hannaik.com\/fr\/project\/gerador-de-200kva-no-arquivo-de-braga\/\">Hannaik instala gerador de energia de 200kVA no Arquivo de Braga<\/a><\/li>\n<li><a href=\"https:\/\/hannaik.com\/fr\/project\/gerador-de-100kva-nas-oficinas-municipais-de-oeiras\/\">Hannaik instala gerador de 100kVA nas Oficinas Municipais de Oeiras<\/a><\/li>\n<li><a href=\"https:\/\/hannaik.com\/fr\/project\/gerador-de-160kva-nas-aguas-do-norte-em-esposende\/\">Instala\u00e7\u00e3o de um gerador de 160 KVa nas \u00c1guas do Norte em Esposende<\/a><\/li>\n<li><a href=\"https:\/\/hannaik.com\/fr\/project\/instalacao-de-gerador-de-8kva-no-restaurante-sabores-do-lima\/\">Instala\u00e7\u00e3o de Gerador de 8 kVa no Restaurante Sabores do Lima<\/a><\/li>\n<li><a href=\"https:\/\/hannaik.com\/fr\/project\/gerador-de-300kva-no-continente-bom-dia-de-alcochete\/\">Hannaik instala gerador de 300 kVA no Continente Bom Dia de Alcochete<\/a><\/li>\n<li><a href=\"https:\/\/hannaik.com\/fr\/project\/gerador-de-44kva-no-hotel-exe-almada-no-porto\/\">Hannaik instala gerador de 44 KVa no Hotel EXE Almada no Porto<\/a><\/li>\n<li><a href=\"https:\/\/hannaik.com\/fr\/project\/gerador-de-1000kva-na-plataforma-logistica-de-azambuja\/\">Hannaik instalou um gerador de 1000kVA na Plataforma Log\u00edstica de Azambuja<\/a><\/li>\n<li><a href=\"https:\/\/hannaik.com\/fr\/project\/central-de-energia-de-910kva-na-nataxis-porto\/\">Hannaik instala central de energia de 910 kVA na NATAXIS, no Porto<\/a><\/li>\n<li><a href=\"https:\/\/hannaik.com\/fr\/project\/gerador-de-175-kva-no-continente-bom-dia-no-porto\/\">Hannaik instala gerador de 175 KVa no Continente Bom Dia no Porto<\/a><\/li>\n<li><a href=\"https:\/\/hannaik.com\/fr\/project\/instalacao-de-central-92-kva-na-auto-europa\/\">Instala\u00e7\u00e3o de Central 92 kva na Auto Europa<\/a><\/li>\n<\/ul>\n<\/div><div class=\"wsp-container\"><\/div><\/p>\n","protected":false},"excerpt":{"rendered":"","protected":false},"author":2,"featured_media":0,"parent":0,"menu_order":0,"comment_status":"closed","ping_status":"closed","template":"sitemap.php","meta":{"footnotes":""},"class_list":["post-1429","page","type-page","status-publish","hentry"],"acf":[],"yoast_head":"<!-- This site is optimized with the Yoast SEO plugin v27.1.1 - https:\/\/yoast.com\/product\/yoast-seo-wordpress\/ -->\n<title>Plan du Site &#8226; HANNAIK - Energy and Water solutions<\/title>\n<meta name=\"robots\" content=\"index, follow, max-snippet:-1, max-image-preview:large, max-video-preview:-1\" \/>\n<link rel=\"canonical\" href=\"https:\/\/hannaik.com\/fr\/mapa-do-site\/\" \/>\n<meta property=\"og:locale\" content=\"fr_FR\" \/>\n<meta property=\"og:type\" content=\"article\" \/>\n<meta property=\"og:title\" content=\"Plan du Site &#8226; HANNAIK - Energy and Water solutions\" \/>\n<meta property=\"og:url\" content=\"https:\/\/hannaik.com\/fr\/mapa-do-site\/\" \/>\n<meta property=\"og:site_name\" content=\"HANNAIK - Energy and Water solutions\" \/>\n<meta property=\"article:publisher\" content=\"https:\/\/www.facebook.com\/hannaikenergy\/\" \/>\n<meta property=\"article:modified_time\" content=\"2017-10-10T15:42:40+00:00\" \/>\n<meta property=\"og:image\" content=\"https:\/\/hannaik.com\/wp-content\/uploads\/2017\/12\/HANNAIK.png\" \/>\n\t<meta property=\"og:image:width\" content=\"1200\" \/>\n\t<meta property=\"og:image:height\" content=\"600\" \/>\n\t<meta property=\"og:image:type\" content=\"image\/png\" \/>\n<meta name=\"twitter:card\" content=\"summary_large_image\" \/>\n<script type=\"application\/ld+json\" class=\"yoast-schema-graph\">{\"@context\":\"https:\/\/schema.org\",\"@graph\":[{\"@type\":\"WebPage\",\"@id\":\"https:\/\/hannaik.com\/fr\/mapa-do-site\/\",\"url\":\"https:\/\/hannaik.com\/fr\/mapa-do-site\/\",\"name\":\"Plan du Site &#8226; HANNAIK - Energy and Water solutions\",\"isPartOf\":{\"@id\":\"https:\/\/hannaik.com\/#website\"},\"datePublished\":\"2017-09-20T17:13:56+00:00\",\"dateModified\":\"2017-10-10T15:42:40+00:00\",\"breadcrumb\":{\"@id\":\"https:\/\/hannaik.com\/fr\/mapa-do-site\/#breadcrumb\"},\"inLanguage\":\"fr-FR\",\"potentialAction\":[{\"@type\":\"ReadAction\",\"target\":[\"https:\/\/hannaik.com\/fr\/mapa-do-site\/\"]}]},{\"@type\":\"BreadcrumbList\",\"@id\":\"https:\/\/hannaik.com\/fr\/mapa-do-site\/#breadcrumb\",\"itemListElement\":[{\"@type\":\"ListItem\",\"position\":1,\"name\":\"Home\",\"item\":\"https:\/\/hannaik.com\/fr\/\"},{\"@type\":\"ListItem\",\"position\":2,\"name\":\"Plan du Site\"}]},{\"@type\":\"WebSite\",\"@id\":\"https:\/\/hannaik.com\/#website\",\"url\":\"https:\/\/hannaik.com\/\",\"name\":\"Hannaik Gensets\",\"description\":\"Fabricante nacional de solu\u00e7\u00f5es de \u00e1gua e de energia\",\"publisher\":{\"@id\":\"https:\/\/hannaik.com\/#organization\"},\"potentialAction\":[{\"@type\":\"SearchAction\",\"target\":{\"@type\":\"EntryPoint\",\"urlTemplate\":\"https:\/\/hannaik.com\/?s={search_term_string}\"},\"query-input\":{\"@type\":\"PropertyValueSpecification\",\"valueRequired\":true,\"valueName\":\"search_term_string\"}}],\"inLanguage\":\"fr-FR\"},{\"@type\":\"Organization\",\"@id\":\"https:\/\/hannaik.com\/#organization\",\"name\":\"HANNAIK\",\"url\":\"https:\/\/hannaik.com\/\",\"logo\":{\"@type\":\"ImageObject\",\"inLanguage\":\"fr-FR\",\"@id\":\"https:\/\/hannaik.com\/#\/schema\/logo\/image\/\",\"url\":\"https:\/\/hannaik.com\/wp-content\/uploads\/2018\/03\/Hannaik3.png\",\"contentUrl\":\"https:\/\/hannaik.com\/wp-content\/uploads\/2018\/03\/Hannaik3.png\",\"width\":\"278\",\"height\":\"223\",\"caption\":\"HANNAIK\"},\"image\":{\"@id\":\"https:\/\/hannaik.com\/#\/schema\/logo\/image\/\"},\"sameAs\":[\"https:\/\/www.facebook.com\/hannaikenergy\/\",\"https:\/\/www.instagram.com\/hannaik_solutions\/\",\"https:\/\/www.linkedin.com\/company-beta\/15194419\",\"https:\/\/www.youtube.com\/channel\/UCQt234x994onwwmTd-K6U-A\"]}]}<\/script>\n<!-- \/ Yoast SEO plugin. -->","yoast_head_json":{"title":"Plan du Site &#8226; HANNAIK - Energy and Water solutions","robots":{"index":"index","follow":"follow","max-snippet":"max-snippet:-1","max-image-preview":"max-image-preview:large","max-video-preview":"max-video-preview:-1"},"canonical":"https:\/\/hannaik.com\/fr\/mapa-do-site\/","og_locale":"fr_FR","og_type":"article","og_title":"Plan du Site &#8226; HANNAIK - Energy and Water solutions","og_url":"https:\/\/hannaik.com\/fr\/mapa-do-site\/","og_site_name":"HANNAIK - Energy and Water solutions","article_publisher":"https:\/\/www.facebook.com\/hannaikenergy\/","article_modified_time":"2017-10-10T15:42:40+00:00","og_image":[{"width":1200,"height":600,"url":"https:\/\/hannaik.com\/wp-content\/uploads\/2017\/12\/HANNAIK.png","type":"image\/png"}],"twitter_card":"summary_large_image","schema":{"@context":"https:\/\/schema.org","@graph":[{"@type":"WebPage","@id":"https:\/\/hannaik.com\/fr\/mapa-do-site\/","url":"https:\/\/hannaik.com\/fr\/mapa-do-site\/","name":"Plan du Site &#8226; HANNAIK - Energy and Water solutions","isPartOf":{"@id":"https:\/\/hannaik.com\/#website"},"datePublished":"2017-09-20T17:13:56+00:00","dateModified":"2017-10-10T15:42:40+00:00","breadcrumb":{"@id":"https:\/\/hannaik.com\/fr\/mapa-do-site\/#breadcrumb"},"inLanguage":"fr-FR","potentialAction":[{"@type":"ReadAction","target":["https:\/\/hannaik.com\/fr\/mapa-do-site\/"]}]},{"@type":"BreadcrumbList","@id":"https:\/\/hannaik.com\/fr\/mapa-do-site\/#breadcrumb","itemListElement":[{"@type":"ListItem","position":1,"name":"Home","item":"https:\/\/hannaik.com\/fr\/"},{"@type":"ListItem","position":2,"name":"Plan du Site"}]},{"@type":"WebSite","@id":"https:\/\/hannaik.com\/#website","url":"https:\/\/hannaik.com\/","name":"Hannaik Gensets","description":"Fabricante nacional de solu\u00e7\u00f5es de \u00e1gua e de energia","publisher":{"@id":"https:\/\/hannaik.com\/#organization"},"potentialAction":[{"@type":"SearchAction","target":{"@type":"EntryPoint","urlTemplate":"https:\/\/hannaik.com\/?s={search_term_string}"},"query-input":{"@type":"PropertyValueSpecification","valueRequired":true,"valueName":"search_term_string"}}],"inLanguage":"fr-FR"},{"@type":"Organization","@id":"https:\/\/hannaik.com\/#organization","name":"HANNAIK","url":"https:\/\/hannaik.com\/","logo":{"@type":"ImageObject","inLanguage":"fr-FR","@id":"https:\/\/hannaik.com\/#\/schema\/logo\/image\/","url":"https:\/\/hannaik.com\/wp-content\/uploads\/2018\/03\/Hannaik3.png","contentUrl":"https:\/\/hannaik.com\/wp-content\/uploads\/2018\/03\/Hannaik3.png","width":"278","height":"223","caption":"HANNAIK"},"image":{"@id":"https:\/\/hannaik.com\/#\/schema\/logo\/image\/"},"sameAs":["https:\/\/www.facebook.com\/hannaikenergy\/","https:\/\/www.instagram.com\/hannaik_solutions\/","https:\/\/www.linkedin.com\/company-beta\/15194419","https:\/\/www.youtube.com\/channel\/UCQt234x994onwwmTd-K6U-A"]}]}},"_links":{"self":[{"href":"https:\/\/hannaik.com\/fr\/wp-json\/wp\/v2\/pages\/1429","targetHints":{"allow":["GET"]}}],"collection":[{"href":"https:\/\/hannaik.com\/fr\/wp-json\/wp\/v2\/pages"}],"about":[{"href":"https:\/\/hannaik.com\/fr\/wp-json\/wp\/v2\/types\/page"}],"author":[{"embeddable":true,"href":"https:\/\/hannaik.com\/fr\/wp-json\/wp\/v2\/users\/2"}],"replies":[{"embeddable":true,"href":"https:\/\/hannaik.com\/fr\/wp-json\/wp\/v2\/comments?post=1429"}],"version-history":[{"count":1,"href":"https:\/\/hannaik.com\/fr\/wp-json\/wp\/v2\/pages\/1429\/revisions"}],"predecessor-version":[{"id":1463,"href":"https:\/\/hannaik.com\/fr\/wp-json\/wp\/v2\/pages\/1429\/revisions\/1463"}],"wp:attachment":[{"href":"https:\/\/hannaik.com\/fr\/wp-json\/wp\/v2\/media?parent=1429"}],"curies":[{"name":"wp","href":"https:\/\/api.w.org\/{rel}","templated":true}]}}